{"id":191,"date":"2018-08-04T08:07:34","date_gmt":"2018-08-04T08:07:34","guid":{"rendered":"https:\/\/e9.servicios-empresa.com\/?page_id=191"},"modified":"2026-01-28T07:39:03","modified_gmt":"2026-01-28T07:39:03","slug":"noticias","status":"publish","type":"page","link":"https:\/\/quechis.es\/index.php\/noticias\/","title":{"rendered":"Noticias"},"content":{"rendered":"\t\t<div data-elementor-type=\"wp-post\" data-elementor-id=\"191\" class=\"elementor elementor-191\">\n\t\t\t\t\t\t<section class=\"elementor-section elementor-top-section elementor-element elementor-element-39f3a43 elementor-section-boxed elementor-section-height-default elementor-section-height-default\" data-id=\"39f3a43\" data-element_type=\"section\">\n\t\t\t\t\t\t<div class=\"elementor-container elementor-column-gap-extended\">\n\t\t\t\t\t<div class=\"elementor-column elementor-col-100 elementor-top-column elementor-element elementor-element-2e17b42 sc_layouts_column_icons_position_left\" data-id=\"2e17b42\" data-element_type=\"column\">\n\t\t\t<div class=\"elementor-widget-wrap elementor-element-populated\">\n\t\t\t\t\t\t<div class=\"elementor-element elementor-element-30a125f elementor-widget elementor-widget-heading\" data-id=\"30a125f\" data-element_type=\"widget\" data-widget_type=\"heading.default\">\n\t\t\t\t<div class=\"elementor-widget-container\">\n\t\t\t\t\t<h3 class=\"elementor-heading-title elementor-size-default\">NOTICIAS<\/h3>\t\t\t\t<\/div>\n\t\t\t\t<\/div>\n\t\t\t\t\t<\/div>\n\t\t<\/div>\n\t\t\t\t\t<\/div>\n\t\t<\/section>\n\t\t\t\t<section class=\"elementor-section elementor-top-section elementor-element elementor-element-22e1b8f elementor-section-boxed elementor-section-height-default elementor-section-height-default\" data-id=\"22e1b8f\" data-element_type=\"section\">\n\t\t\t\t\t\t<div class=\"elementor-container elementor-column-gap-extended\">\n\t\t\t\t\t<div class=\"elementor-column elementor-col-100 elementor-top-column elementor-element elementor-element-a72f245 sc_layouts_column_icons_position_left\" data-id=\"a72f245\" data-element_type=\"column\">\n\t\t\t<div class=\"elementor-widget-wrap elementor-element-populated\">\n\t\t\t\t\t\t<div class=\"elementor-element elementor-element-91cf06a elementor-widget elementor-widget-shortcode\" data-id=\"91cf06a\" data-element_type=\"widget\" data-widget_type=\"shortcode.default\">\n\t\t\t\t<div class=\"elementor-widget-container\">\n\t\t\t\t\t\t\t<div class=\"elementor-shortcode\"><style type='text\/css' media='all'>#rt-tpg-container-3641995860 .rt-holder .rt-woo-info .price{color:#0367bf;}body .rt-tpg-container .rt-tpg-isotope-buttons .selected,\n\t\t\t\t\t#rt-tpg-container-3641995860 .layout12 .rt-holder:hover .rt-detail,\n\t\t\t\t\t#rt-tpg-container-3641995860 .isotope8 .rt-holder:hover .rt-detail,\n\t\t\t\t\t#rt-tpg-container-3641995860 .carousel8 .rt-holder:hover .rt-detail,\n\t\t\t\t\t#rt-tpg-container-3641995860 .layout13 .rt-holder .overlay .post-info,\n\t\t\t\t\t#rt-tpg-container-3641995860 .isotope9 .rt-holder .overlay .post-info,\n\t\t\t\t\t#rt-tpg-container-3641995860.rt-tpg-container .layout4 .rt-holder .rt-detail,\n\t\t\t\t\t.rt-modal-3641995860 .md-content,\n\t\t\t\t\t.rt-modal-3641995860 .md-content > .rt-md-content-holder .rt-md-content,\n\t\t\t\t\t.rt-popup-wrap-3641995860.rt-popup-wrap .rt-popup-navigation-wrap,\n\t\t\t\t\t#rt-tpg-container-3641995860 .carousel9 .rt-holder .overlay .post-info{background-color:#0367bf;}#rt-tpg-container-3641995860 .layout5 .rt-holder .overlay, #rt-tpg-container-3641995860 .isotope2 .rt-holder .overlay, #rt-tpg-container-3641995860 .carousel2 .rt-holder .overlay,#rt-tpg-container-3641995860 .layout15 .rt-holder h3, #rt-tpg-container-3641995860 .isotope11 .rt-holder h3, #rt-tpg-container-3641995860 .carousel11 .rt-holder h3, #rt-tpg-container-3641995860 .layout16 .rt-holder h3,\n\t\t\t\t\t#rt-tpg-container-3641995860 .isotope12 .rt-holder h3, #rt-tpg-container-3641995860 .carousel12 .rt-holder h3 {background-color:rgba(3,103,191,0.8);}#rt-tpg-container-3641995860 .read-more a{border-radius:px;}#rt-tpg-container-3641995860 .rt-img-holder img.rt-img-responsive,#rt-tpg-container-3641995860 .rt-img-holder,\n\t\t\t\t\t#rt-tpg-container-3641995860 .rt-post-overlay .post-img,\n\t\t\t\t\t#rt-tpg-container-3641995860 .post-sm .post-img,\n\t\t\t\t\t#rt-tpg-container-3641995860 .rt-post-grid .post-img,\n\t\t\t\t\t#rt-tpg-container-3641995860 .post-img img {border-radius:px;}<\/style><div class='rt-container-fluid rt-tpg-container tpg-shortcode-main-wrapper ' id='rt-tpg-container-3641995860'   data-layout='layout1' data-grid-style='even' data-desktop-col='3'  data-tab-col='2'  data-mobile-col='1' data-sc-id='5347'><div data-title='Loading ...' class='rt-row rt-content-loader   layout1 tpg-even '><div class=\"rt-col-md-4 rt-col-sm-6 rt-col-xs-12 even-grid-item rt-grid-item\" data-id=\"5537\"><div class=\"rt-holder\"><div class=\"rt-img-holder\"><a data-id=\"5537\" class=\"\" href=\"https:\/\/quechis.es\/index.php\/2026\/01\/18\/como-preparar-a-las-ninas-y-ninos-para-su-primer-campamento-de-verano\/\"><img fetchpriority=\"high\" decoding=\"async\" width=\"980\" height=\"560\" src=\"https:\/\/quechis.es\/wp-content\/uploads\/2026\/01\/campamentos-verano-pirineo-aragones-980x560-1.jpeg\" class=\"rt-img-responsive \" alt=\"\" \/><\/a><\/div><div class='rt-detail'><h3 class=\"entry-title\"><a data-id=\"5537\" class=\"\" href=\"https:\/\/quechis.es\/index.php\/2026\/01\/18\/como-preparar-a-las-ninas-y-ninos-para-su-primer-campamento-de-verano\/\">C\u00f3mo preparar a las ni\u00f1as y ni\u00f1os para su primer campamento de verano<\/a><\/h3><div class='post-meta-user  '><span class='date'><i class='far fa-calendar-alt '><\/i>enero 18, 2026<\/span><span class='categories-links'><i class='fas fa-folder-open '><\/i><a class=\"noticias\" href=\"https:\/\/quechis.es\/index.php\/category\/noticias\/\" rel=\"tag\">noticias<\/a><\/span><\/div><div class='tpg-excerpt'>Los&nbsp;campamentos de verano&nbsp;son una experiencia inolvidable para las ni\u00f1as y los ni\u00f1os. Ofrecen la oportunidad...<\/div><\/div><\/div><\/div><div class=\"rt-col-md-4 rt-col-sm-6 rt-col-xs-12 even-grid-item rt-grid-item\" data-id=\"5508\"><div class=\"rt-holder\"><div class=\"rt-img-holder\"><a data-id=\"5508\" class=\"\" href=\"https:\/\/quechis.es\/index.php\/2026\/01\/18\/como-las-actividades-de-aventura-fortalecen-el-caracter-y-las-habilidades-sociales-de-los-ninos-y-ninas\/\"><img decoding=\"async\" width=\"980\" height=\"560\" src=\"https:\/\/quechis.es\/wp-content\/uploads\/2026\/01\/actividdaes-naturaleza-ninos-1.jpg\" class=\"rt-img-responsive \" alt=\"\" \/><\/a><\/div><div class='rt-detail'><h3 class=\"entry-title\"><a data-id=\"5508\" class=\"\" href=\"https:\/\/quechis.es\/index.php\/2026\/01\/18\/como-las-actividades-de-aventura-fortalecen-el-caracter-y-las-habilidades-sociales-de-los-ninos-y-ninas\/\">C\u00f3mo las actividades de aventura fortalecen el car\u00e1cter y las habilidades sociales de los ni\u00f1os y ni\u00f1as<\/a><\/h3><div class='post-meta-user  '><span class='date'><i class='far fa-calendar-alt '><\/i>enero 18, 2026<\/span><span class='categories-links'><i class='fas fa-folder-open '><\/i><a class=\"noticias\" href=\"https:\/\/quechis.es\/index.php\/category\/noticias\/\" rel=\"tag\">noticias<\/a><\/span><\/div><div class='tpg-excerpt'>Desaf\u00edos que forjan el car\u00e1cter Superar retos en la naturaleza exige esfuerzo, constancia y valent\u00eda...<\/div><\/div><\/div><\/div><div class=\"rt-col-md-4 rt-col-sm-6 rt-col-xs-12 even-grid-item rt-grid-item\" data-id=\"5502\"><div class=\"rt-holder\"><div class=\"rt-img-holder\"><a data-id=\"5502\" class=\"\" href=\"https:\/\/quechis.es\/index.php\/2026\/01\/18\/beneficios-de-las-actividades-en-la-naturaleza-para-escolares-un-impulso-para-el-nuevo-curso-escolar\/\"><img decoding=\"async\" width=\"1200\" height=\"800\" src=\"https:\/\/quechis.es\/wp-content\/uploads\/2026\/01\/OZ4TUJFKM5BMJHAGWNYGNHPFXY.jpg\" class=\"rt-img-responsive \" alt=\"\" \/><\/a><\/div><div class='rt-detail'><h3 class=\"entry-title\"><a data-id=\"5502\" class=\"\" href=\"https:\/\/quechis.es\/index.php\/2026\/01\/18\/beneficios-de-las-actividades-en-la-naturaleza-para-escolares-un-impulso-para-el-nuevo-curso-escolar\/\">Beneficios de las actividades en la naturaleza para escolares<\/a><\/h3><div class='post-meta-user  '><span class='date'><i class='far fa-calendar-alt '><\/i>enero 18, 2026<\/span><span class='categories-links'><i class='fas fa-folder-open '><\/i><a class=\"noticias\" href=\"https:\/\/quechis.es\/index.php\/category\/noticias\/\" rel=\"tag\">noticias<\/a><\/span><\/div><div class='tpg-excerpt'>La llegada de un nuevo curso escolar siempre trae consigo una mezcla de emociones para...<\/div><\/div><\/div><\/div><\/div><\/div><\/div>\n\t\t\t\t\t\t<\/div>\n\t\t\t\t<\/div>\n\t\t\t\t\t<\/div>\n\t\t<\/div>\n\t\t\t\t\t<\/div>\n\t\t<\/section>\n\t\t\t\t<\/div>\n\t\t","protected":false},"excerpt":{"rendered":"<p>NOTICIAS<\/p>\n","protected":false},"author":1,"featured_media":0,"parent":0,"menu_order":0,"comment_status":"closed","ping_status":"closed","template":"","meta":{"footnotes":""},"class_list":["post-191","page","type-page","status-publish","hentry"],"yoast_head":"<!-- This site is optimized with the Yoast SEO plugin v26.7 - https:\/\/yoast.com\/wordpress\/plugins\/seo\/ -->\n<title>Actualidad, proyectos y actividades educativas<\/title>\n<meta name=\"description\" content=\"En esta secci\u00f3n compartimos novedades, proyectos realizados, actividades destacadas y contenidos relacionados con la educaci\u00f3n, el ocio y los espacios naturales. Un espacio donde informamos sobre nuestras iniciativas, colaboraciones y experiencias, as\u00ed como sobre temas de inter\u00e9s vinculados al aprendizaje, la sostenibilidad y las actividades al aire libre.\" \/>\n<meta name=\"robots\" content=\"index, follow, max-snippet:-1, max-image-preview:large, max-video-preview:-1\" \/>\n<link rel=\"canonical\" href=\"https:\/\/quechis.es\/index.php\/noticias\/\" \/>\n<meta property=\"og:locale\" content=\"es_ES\" \/>\n<meta property=\"og:type\" content=\"article\" \/>\n<meta property=\"og:title\" content=\"Actualidad, proyectos y actividades educativas\" \/>\n<meta property=\"og:description\" content=\"En esta secci\u00f3n compartimos novedades, proyectos realizados, actividades destacadas y contenidos relacionados con la educaci\u00f3n, el ocio y los espacios naturales. Un espacio donde informamos sobre nuestras iniciativas, colaboraciones y experiencias, as\u00ed como sobre temas de inter\u00e9s vinculados al aprendizaje, la sostenibilidad y las actividades al aire libre.\" \/>\n<meta property=\"og:url\" content=\"https:\/\/quechis.es\/index.php\/noticias\/\" \/>\n<meta property=\"og:site_name\" content=\"Quechis\" \/>\n<meta property=\"article:modified_time\" content=\"2026-01-28T07:39:03+00:00\" \/>\n<meta name=\"twitter:card\" content=\"summary_large_image\" \/>\n<meta name=\"twitter:label1\" content=\"Tiempo de lectura\" \/>\n\t<meta name=\"twitter:data1\" content=\"1 minuto\" \/>\n<script type=\"application\/ld+json\" class=\"yoast-schema-graph\">{\"@context\":\"https:\/\/schema.org\",\"@graph\":[{\"@type\":\"WebPage\",\"@id\":\"https:\/\/quechis.es\/index.php\/noticias\/\",\"url\":\"https:\/\/quechis.es\/index.php\/noticias\/\",\"name\":\"Actualidad, proyectos y actividades educativas\",\"isPartOf\":{\"@id\":\"https:\/\/quechis.es\/#website\"},\"datePublished\":\"2018-08-04T08:07:34+00:00\",\"dateModified\":\"2026-01-28T07:39:03+00:00\",\"description\":\"En esta secci\u00f3n compartimos novedades, proyectos realizados, actividades destacadas y contenidos relacionados con la educaci\u00f3n, el ocio y los espacios naturales. Un espacio donde informamos sobre nuestras iniciativas, colaboraciones y experiencias, as\u00ed como sobre temas de inter\u00e9s vinculados al aprendizaje, la sostenibilidad y las actividades al aire libre.\",\"breadcrumb\":{\"@id\":\"https:\/\/quechis.es\/index.php\/noticias\/#breadcrumb\"},\"inLanguage\":\"es\",\"potentialAction\":[{\"@type\":\"ReadAction\",\"target\":[\"https:\/\/quechis.es\/index.php\/noticias\/\"]}]},{\"@type\":\"BreadcrumbList\",\"@id\":\"https:\/\/quechis.es\/index.php\/noticias\/#breadcrumb\",\"itemListElement\":[{\"@type\":\"ListItem\",\"position\":1,\"name\":\"Portada\",\"item\":\"https:\/\/quechis.es\/\"},{\"@type\":\"ListItem\",\"position\":2,\"name\":\"Noticias\"}]},{\"@type\":\"WebSite\",\"@id\":\"https:\/\/quechis.es\/#website\",\"url\":\"https:\/\/quechis.es\/\",\"name\":\"Quechis\",\"description\":\"Programaci\u00f3n de Actividades\",\"publisher\":{\"@id\":\"https:\/\/quechis.es\/#organization\"},\"potentialAction\":[{\"@type\":\"SearchAction\",\"target\":{\"@type\":\"EntryPoint\",\"urlTemplate\":\"https:\/\/quechis.es\/?s={search_term_string}\"},\"query-input\":{\"@type\":\"PropertyValueSpecification\",\"valueRequired\":true,\"valueName\":\"search_term_string\"}}],\"inLanguage\":\"es\"},{\"@type\":\"Organization\",\"@id\":\"https:\/\/quechis.es\/#organization\",\"name\":\"Quechis\",\"url\":\"https:\/\/quechis.es\/\",\"logo\":{\"@type\":\"ImageObject\",\"inLanguage\":\"es\",\"@id\":\"https:\/\/quechis.es\/#\/schema\/logo\/image\/\",\"url\":\"https:\/\/quechis.es\/wp-content\/uploads\/2018\/08\/logo.png\",\"contentUrl\":\"https:\/\/quechis.es\/wp-content\/uploads\/2018\/08\/logo.png\",\"width\":163,\"height\":50,\"caption\":\"Quechis\"},\"image\":{\"@id\":\"https:\/\/quechis.es\/#\/schema\/logo\/image\/\"}}]}<\/script>\n<!-- \/ Yoast SEO plugin. -->","yoast_head_json":{"title":"Actualidad, proyectos y actividades educativas","description":"En esta secci\u00f3n compartimos novedades, proyectos realizados, actividades destacadas y contenidos relacionados con la educaci\u00f3n, el ocio y los espacios naturales. Un espacio donde informamos sobre nuestras iniciativas, colaboraciones y experiencias, as\u00ed como sobre temas de inter\u00e9s vinculados al aprendizaje, la sostenibilidad y las actividades al aire libre.","robots":{"index":"index","follow":"follow","max-snippet":"max-snippet:-1","max-image-preview":"max-image-preview:large","max-video-preview":"max-video-preview:-1"},"canonical":"https:\/\/quechis.es\/index.php\/noticias\/","og_locale":"es_ES","og_type":"article","og_title":"Actualidad, proyectos y actividades educativas","og_description":"En esta secci\u00f3n compartimos novedades, proyectos realizados, actividades destacadas y contenidos relacionados con la educaci\u00f3n, el ocio y los espacios naturales. Un espacio donde informamos sobre nuestras iniciativas, colaboraciones y experiencias, as\u00ed como sobre temas de inter\u00e9s vinculados al aprendizaje, la sostenibilidad y las actividades al aire libre.","og_url":"https:\/\/quechis.es\/index.php\/noticias\/","og_site_name":"Quechis","article_modified_time":"2026-01-28T07:39:03+00:00","twitter_card":"summary_large_image","twitter_misc":{"Tiempo de lectura":"1 minuto"},"schema":{"@context":"https:\/\/schema.org","@graph":[{"@type":"WebPage","@id":"https:\/\/quechis.es\/index.php\/noticias\/","url":"https:\/\/quechis.es\/index.php\/noticias\/","name":"Actualidad, proyectos y actividades educativas","isPartOf":{"@id":"https:\/\/quechis.es\/#website"},"datePublished":"2018-08-04T08:07:34+00:00","dateModified":"2026-01-28T07:39:03+00:00","description":"En esta secci\u00f3n compartimos novedades, proyectos realizados, actividades destacadas y contenidos relacionados con la educaci\u00f3n, el ocio y los espacios naturales. Un espacio donde informamos sobre nuestras iniciativas, colaboraciones y experiencias, as\u00ed como sobre temas de inter\u00e9s vinculados al aprendizaje, la sostenibilidad y las actividades al aire libre.","breadcrumb":{"@id":"https:\/\/quechis.es\/index.php\/noticias\/#breadcrumb"},"inLanguage":"es","potentialAction":[{"@type":"ReadAction","target":["https:\/\/quechis.es\/index.php\/noticias\/"]}]},{"@type":"BreadcrumbList","@id":"https:\/\/quechis.es\/index.php\/noticias\/#breadcrumb","itemListElement":[{"@type":"ListItem","position":1,"name":"Portada","item":"https:\/\/quechis.es\/"},{"@type":"ListItem","position":2,"name":"Noticias"}]},{"@type":"WebSite","@id":"https:\/\/quechis.es\/#website","url":"https:\/\/quechis.es\/","name":"Quechis","description":"Programaci\u00f3n de Actividades","publisher":{"@id":"https:\/\/quechis.es\/#organization"},"potentialAction":[{"@type":"SearchAction","target":{"@type":"EntryPoint","urlTemplate":"https:\/\/quechis.es\/?s={search_term_string}"},"query-input":{"@type":"PropertyValueSpecification","valueRequired":true,"valueName":"search_term_string"}}],"inLanguage":"es"},{"@type":"Organization","@id":"https:\/\/quechis.es\/#organization","name":"Quechis","url":"https:\/\/quechis.es\/","logo":{"@type":"ImageObject","inLanguage":"es","@id":"https:\/\/quechis.es\/#\/schema\/logo\/image\/","url":"https:\/\/quechis.es\/wp-content\/uploads\/2018\/08\/logo.png","contentUrl":"https:\/\/quechis.es\/wp-content\/uploads\/2018\/08\/logo.png","width":163,"height":50,"caption":"Quechis"},"image":{"@id":"https:\/\/quechis.es\/#\/schema\/logo\/image\/"}}]}},"rttpg_featured_image_url":null,"rttpg_author":{"display_name":"admin","author_link":"https:\/\/quechis.es\/index.php\/author\/vicentegaldon_r0px87ei\/"},"rttpg_comment":0,"rttpg_category":"","rttpg_excerpt":"NOTICIAS","_links":{"self":[{"href":"https:\/\/quechis.es\/index.php\/wp-json\/wp\/v2\/pages\/191","targetHints":{"allow":["GET"]}}],"collection":[{"href":"https:\/\/quechis.es\/index.php\/wp-json\/wp\/v2\/pages"}],"about":[{"href":"https:\/\/quechis.es\/index.php\/wp-json\/wp\/v2\/types\/page"}],"author":[{"embeddable":true,"href":"https:\/\/quechis.es\/index.php\/wp-json\/wp\/v2\/users\/1"}],"replies":[{"embeddable":true,"href":"https:\/\/quechis.es\/index.php\/wp-json\/wp\/v2\/comments?post=191"}],"version-history":[{"count":10,"href":"https:\/\/quechis.es\/index.php\/wp-json\/wp\/v2\/pages\/191\/revisions"}],"predecessor-version":[{"id":5351,"href":"https:\/\/quechis.es\/index.php\/wp-json\/wp\/v2\/pages\/191\/revisions\/5351"}],"wp:attachment":[{"href":"https:\/\/quechis.es\/index.php\/wp-json\/wp\/v2\/media?parent=191"}],"curies":[{"name":"wp","href":"https:\/\/api.w.org\/{rel}","templated":true}]}}