{"id":196,"date":"2018-08-04T08:27:00","date_gmt":"2018-08-04T08:27:00","guid":{"rendered":"https:\/\/e9.servicios-empresa.com\/?page_id=196"},"modified":"2026-01-28T07:39:38","modified_gmt":"2026-01-28T07:39:38","slug":"contacto","status":"publish","type":"page","link":"https:\/\/quechis.es\/index.php\/contacto\/","title":{"rendered":"Contacto"},"content":{"rendered":"\t\t<div data-elementor-type=\"wp-post\" data-elementor-id=\"196\" class=\"elementor elementor-196\">\n\t\t\t\t\t\t<section class=\"elementor-section elementor-top-section elementor-element elementor-element-22f434d elementor-section-full_width elementor-section-height-default elementor-section-height-default\" data-id=\"22f434d\" data-element_type=\"section\">\n\t\t\t\t\t\t<div class=\"elementor-container elementor-column-gap-default\">\n\t\t\t\t\t<div class=\"elementor-column elementor-col-100 elementor-top-column elementor-element elementor-element-1e23db6 sc_layouts_column_icons_position_left\" data-id=\"1e23db6\" data-element_type=\"column\">\n\t\t\t<div class=\"elementor-widget-wrap elementor-element-populated\">\n\t\t\t\t\t\t<div class=\"elementor-element elementor-element-94ed534 elementor-widget elementor-widget-spacer\" data-id=\"94ed534\" data-element_type=\"widget\" data-widget_type=\"spacer.default\">\n\t\t\t\t<div class=\"elementor-widget-container\">\n\t\t\t\t\t\t\t<div class=\"elementor-spacer\">\n\t\t\t<div class=\"elementor-spacer-inner\"><\/div>\n\t\t<\/div>\n\t\t\t\t\t\t<\/div>\n\t\t\t\t<\/div>\n\t\t\t\t<div class=\"elementor-element elementor-element-e73404b elementor-widget elementor-widget-trx_sc_title\" data-id=\"e73404b\" data-element_type=\"widget\" data-widget_type=\"trx_sc_title.default\">\n\t\t\t\t<div class=\"elementor-widget-container\">\n\t\t\t\t\t<div id=\"trx_sc_title_183768384\"\n\t\tclass=\"sc_title sc_title_default\"><h6 class=\"sc_item_subtitle sc_title_subtitle sc_align_center sc_item_title_style_default\">Alguna Pregunta?<\/h6><h2 class=\"sc_item_title sc_title_title sc_align_center sc_item_title_style_default\">No dudes en Escribirnos<\/h2><\/div><!-- \/.sc_title -->\t\t\t\t<\/div>\n\t\t\t\t<\/div>\n\t\t\t\t<div class=\"elementor-element elementor-element-d173577 elementor-widget elementor-widget-spacer\" data-id=\"d173577\" data-element_type=\"widget\" data-widget_type=\"spacer.default\">\n\t\t\t\t<div class=\"elementor-widget-container\">\n\t\t\t\t\t\t\t<div class=\"elementor-spacer\">\n\t\t\t<div class=\"elementor-spacer-inner\"><\/div>\n\t\t<\/div>\n\t\t\t\t\t\t<\/div>\n\t\t\t\t<\/div>\n\t\t\t\t\t<\/div>\n\t\t<\/div>\n\t\t\t\t\t<\/div>\n\t\t<\/section>\n\t\t\t\t<section class=\"elementor-section elementor-top-section elementor-element elementor-element-9fbf6d2 elementor-section-boxed elementor-section-height-default elementor-section-height-default\" data-id=\"9fbf6d2\" data-element_type=\"section\">\n\t\t\t\t\t\t<div class=\"elementor-container elementor-column-gap-extended\">\n\t\t\t\t\t<div class=\"elementor-column elementor-col-100 elementor-top-column elementor-element elementor-element-b212280 sc_layouts_column_icons_position_left\" data-id=\"b212280\" data-element_type=\"column\">\n\t\t\t<div class=\"elementor-widget-wrap\">\n\t\t\t\t\t\t\t<\/div>\n\t\t<\/div>\n\t\t\t\t\t<\/div>\n\t\t<\/section>\n\t\t\t\t<section class=\"elementor-section elementor-top-section elementor-element elementor-element-fa89d00 elementor-section-boxed elementor-section-height-default elementor-section-height-default\" data-id=\"fa89d00\" data-element_type=\"section\">\n\t\t\t\t\t\t<div class=\"elementor-container elementor-column-gap-extended\">\n\t\t\t\t\t<div class=\"elementor-column elementor-col-25 elementor-top-column elementor-element elementor-element-0b5bc23 sc_layouts_column_icons_position_left\" data-id=\"0b5bc23\" data-element_type=\"column\">\n\t\t\t<div class=\"elementor-widget-wrap\">\n\t\t\t\t\t\t\t<\/div>\n\t\t<\/div>\n\t\t\t\t<div class=\"elementor-column elementor-col-50 elementor-top-column elementor-element elementor-element-bb2cb64 sc_layouts_column_icons_position_left\" data-id=\"bb2cb64\" data-element_type=\"column\">\n\t\t\t<div class=\"elementor-widget-wrap elementor-element-populated\">\n\t\t\t\t\t\t<div class=\"elementor-element elementor-element-70b1510 elementor-widget elementor-widget-text-editor\" data-id=\"70b1510\" data-element_type=\"widget\" data-widget_type=\"text-editor.default\">\n\t\t\t\t<div class=\"elementor-widget-container\">\n\t\t\t\t\t\t\t\t\t<p>\n<div class=\"wpcf7 no-js\" id=\"wpcf7-f195-o1\" lang=\"en-US\" dir=\"ltr\" data-wpcf7-id=\"195\">\n<div class=\"screen-reader-response\"><p role=\"status\" aria-live=\"polite\" aria-atomic=\"true\"><\/p> <ul><\/ul><\/div>\n<form action=\"\/index.php\/wp-json\/wp\/v2\/pages\/196#wpcf7-f195-o1\" method=\"post\" class=\"wpcf7-form init\" aria-label=\"Contact form\" novalidate=\"novalidate\" data-status=\"init\">\n<fieldset class=\"hidden-fields-container\"><input type=\"hidden\" name=\"_wpcf7\" value=\"195\" \/><input type=\"hidden\" name=\"_wpcf7_version\" value=\"6.1.3\" \/><input type=\"hidden\" name=\"_wpcf7_locale\" value=\"en_US\" \/><input type=\"hidden\" name=\"_wpcf7_unit_tag\" value=\"wpcf7-f195-o1\" \/><input type=\"hidden\" name=\"_wpcf7_container_post\" value=\"0\" \/><input type=\"hidden\" name=\"_wpcf7_posted_data_hash\" value=\"\" \/>\n<\/fieldset>\n<div class=\"form-half\">\n\t<p><span class=\"wpcf7-form-control-wrap\" data-name=\"your-name\"><input size=\"40\" maxlength=\"400\" class=\"wpcf7-form-control wpcf7-text wpcf7-validates-as-required\" aria-required=\"true\" aria-invalid=\"false\" placeholder=\"Tu Nombre\" value=\"\" type=\"text\" name=\"your-name\" \/><\/span>\n\t<\/p>\n<\/div>\n<div class=\"form-half-right\">\n\t<p><span class=\"wpcf7-form-control-wrap\" data-name=\"your-email\"><input size=\"40\" maxlength=\"400\" class=\"wpcf7-form-control wpcf7-email wpcf7-validates-as-required wpcf7-text wpcf7-validates-as-email\" aria-required=\"true\" aria-invalid=\"false\" placeholder=\"Tu E-mail\" value=\"\" type=\"email\" name=\"your-email\" \/><\/span>\n\t<\/p>\n<\/div>\n<p><span class=\"wpcf7-form-control-wrap\" data-name=\"your-message\"><textarea cols=\"40\" rows=\"7\" maxlength=\"2000\" class=\"wpcf7-form-control wpcf7-textarea wpcf7-validates-as-required\" aria-required=\"true\" aria-invalid=\"false\" placeholder=\"Tu Mensage\" name=\"your-message\"><\/textarea><\/span><br \/>\n<span class=\"wpcf7-form-control-wrap\" data-name=\"acceptance-284\"><span class=\"wpcf7-form-control wpcf7-acceptance optional\"><span class=\"wpcf7-list-item\"><label><input type=\"checkbox\" name=\"acceptance-284\" value=\"1\" aria-invalid=\"false\" \/><span class=\"wpcf7-list-item-label\">He le\u00eddo y acepto la Pol\u00edtica de Privacidad.<\/span><\/label><\/span><\/span><\/span>\n<\/p>\n<div class=\"form-submit-right\">\n\t<p><input class=\"wpcf7-form-control wpcf7-submit has-spinner\" type=\"submit\" value=\"Enviar\" \/>\n\t<\/p>\n<\/div><div class=\"wpcf7-response-output\" aria-hidden=\"true\"><\/div>\n<\/form>\n<\/div>\n<\/p>\t\t\t\t\t\t\t\t<\/div>\n\t\t\t\t<\/div>\n\t\t\t\t\t<\/div>\n\t\t<\/div>\n\t\t\t\t<div class=\"elementor-column elementor-col-25 elementor-top-column elementor-element elementor-element-b1bb95f sc_layouts_column_icons_position_left\" data-id=\"b1bb95f\" data-element_type=\"column\">\n\t\t\t<div class=\"elementor-widget-wrap\">\n\t\t\t\t\t\t\t<\/div>\n\t\t<\/div>\n\t\t\t\t\t<\/div>\n\t\t<\/section>\n\t\t\t\t<section class=\"elementor-section elementor-top-section elementor-element elementor-element-130e02e elementor-section-full_width elementor-section-height-default elementor-section-height-default\" data-id=\"130e02e\" data-element_type=\"section\">\n\t\t\t\t\t\t<div class=\"elementor-container elementor-column-gap-no\">\n\t\t\t\t\t<div class=\"elementor-column elementor-col-100 elementor-top-column elementor-element elementor-element-0946c82 sc_layouts_column_icons_position_left\" data-id=\"0946c82\" data-element_type=\"column\">\n\t\t\t<div class=\"elementor-widget-wrap elementor-element-populated\">\n\t\t\t\t\t\t<div class=\"elementor-element elementor-element-2b666fa elementor-widget elementor-widget-spacer\" data-id=\"2b666fa\" data-element_type=\"widget\" data-widget_type=\"spacer.default\">\n\t\t\t\t<div class=\"elementor-widget-container\">\n\t\t\t\t\t\t\t<div class=\"elementor-spacer\">\n\t\t\t<div class=\"elementor-spacer-inner\"><\/div>\n\t\t<\/div>\n\t\t\t\t\t\t<\/div>\n\t\t\t\t<\/div>\n\t\t\t\t<div class=\"elementor-element elementor-element-65c0053 elementor-widget elementor-widget-trx_sc_icons\" data-id=\"65c0053\" data-element_type=\"widget\" data-widget_type=\"trx_sc_icons.default\">\n\t\t\t\t<div class=\"elementor-widget-container\">\n\t\t\t\t\t<div id=\"trx_sc_icons_1478372190\" \n\tclass=\"sc_icons sc_icons_default sc_icons_size_small sc_align_center\"><div class=\"sc_icons_columns_wrap sc_item_columns trx_addons_columns_wrap columns_padding_bottom\"><div class=\"trx_addons_column-1_3\"><div class=\"sc_icons_item\"><div id=\"trx_sc_icons_1478372190_icon-003_phone\" class=\"sc_icons_icon sc_icon_type_ icon-003_phone\" style=\"color: #ffffff\"><span class=\"sc_icon_type_ icon-003_phone\" style=\"color: #ffffff\"><\/span><\/div><div class=\"sc_icons_item_description\"><span>Llamanos - <a href=\"tel:+34 680 51 04 37 \">+34 680 51 04 37<\/a><\/span><\/div><\/div><\/div><div class=\"trx_addons_column-1_3\"><div class=\"sc_icons_item\"><div id=\"trx_sc_icons_1478372190_icon-002_location\" class=\"sc_icons_icon sc_icon_type_ icon-002_location\" style=\"color: #ffffff\"><span class=\"sc_icon_type_ icon-002_location\" style=\"color: #ffffff\"><\/span><\/div><div class=\"sc_icons_item_description\"><span>Valencia - Carrer de Torrent, 29, pta. B5.<\/span><\/div><\/div><\/div><div class=\"trx_addons_column-1_3\"><div class=\"sc_icons_item\"><div id=\"trx_sc_icons_1478372190_icon-001_mail\" class=\"sc_icons_icon sc_icon_type_ icon-001_mail\" style=\"color: #ffffff\"><span class=\"sc_icon_type_ icon-001_mail\" style=\"color: #ffffff\"><\/span><\/div><div class=\"sc_icons_item_description\"><span><a href=\"mailto:quechiscoordactv@gmail.com\">quechiscoordactv@gmail.com<\/a><\/span><span><\/span><span><\/span><span><\/span><\/div><\/div><\/div><\/div><\/div><!-- \/.sc_icons -->\t\t\t\t<\/div>\n\t\t\t\t<\/div>\n\t\t\t\t\t<\/div>\n\t\t<\/div>\n\t\t\t\t\t<\/div>\n\t\t<\/section>\n\t\t\t\t<section class=\"elementor-section elementor-top-section elementor-element elementor-element-1539ea5 elementor-section-stretched elementor-section-full_width elementor-section-height-default elementor-section-height-default\" data-id=\"1539ea5\" data-element_type=\"section\" data-settings=\"{&quot;stretch_section&quot;:&quot;section-stretched&quot;}\">\n\t\t\t\t\t\t<div class=\"elementor-container elementor-column-gap-no\">\n\t\t\t\t\t<div class=\"elementor-column elementor-col-100 elementor-top-column elementor-element elementor-element-dc9e2ab sc_layouts_column_icons_position_left\" data-id=\"dc9e2ab\" data-element_type=\"column\">\n\t\t\t<div class=\"elementor-widget-wrap elementor-element-populated\">\n\t\t\t\t\t\t<div class=\"elementor-element elementor-element-89b2e2e elementor-widget elementor-widget-spacer\" data-id=\"89b2e2e\" data-element_type=\"widget\" data-widget_type=\"spacer.default\">\n\t\t\t\t<div class=\"elementor-widget-container\">\n\t\t\t\t\t\t\t<div class=\"elementor-spacer\">\n\t\t\t<div class=\"elementor-spacer-inner\"><\/div>\n\t\t<\/div>\n\t\t\t\t\t\t<\/div>\n\t\t\t\t<\/div>\n\t\t\t\t<div class=\"elementor-element elementor-element-4d1e820 elementor-widget elementor-widget-trx_sc_googlemap\" data-id=\"4d1e820\" data-element_type=\"widget\" data-widget_type=\"trx_sc_googlemap.default\">\n\t\t\t\t<div class=\"elementor-widget-container\">\n\t\t\t\t\t<div id=\"trx_sc_googlemap_905277942_wrap\" class=\"sc_googlemap_wrap\"><div id=\"trx_sc_googlemap_905277942\"\n\t\t\tclass=\"sc_googlemap sc_googlemap_default trx_addons_inline_1815769181\"\n\t\t\t\t\t\tdata-zoom=\"12\"\n\t\t\tdata-center=\"\"\n\t\t\tdata-style=\"default\"\n\t\t\tdata-cluster-icon=\"\"\n\t\t\t><iframe\n                        src=\"https:\/\/maps.google.com\/maps?t=m&output=embed&iwloc=near&z=12&q=+Valencia+-+Carrer+de+Torrent%2C+29%2C+pta.+B5.\"\n                        scrolling=\"no\"\n                        marginheight=\"0\"\n                        marginwidth=\"0\"\n                        frameborder=\"0\"\n                        aria-label=\"\"><\/iframe><\/div><\/div><!-- \/.sc_googlemap_wrap -->\t\t\t\t<\/div>\n\t\t\t\t<\/div>\n\t\t\t\t\t<\/div>\n\t\t<\/div>\n\t\t\t\t\t<\/div>\n\t\t<\/section>\n\t\t\t\t<\/div>\n\t\t","protected":false},"excerpt":{"rendered":"<p>Alguna Pregunta? No dudes en Escribirnos Llamanos &#8211; +34 680 51 04 37Valencia &#8211; Carrer de Torrent, 29, pta. B5.quechiscoordactv@gmail.com<\/p>\n","protected":false},"author":1,"featured_media":0,"parent":0,"menu_order":0,"comment_status":"closed","ping_status":"closed","template":"","meta":{"footnotes":""},"class_list":["post-196","page","type-page","status-publish","hentry"],"yoast_head":"<!-- This site is optimized with the Yoast SEO plugin v26.7 - https:\/\/yoast.com\/wordpress\/plugins\/seo\/ -->\n<title>Contacta con nosotros y dise\u00f1a tu actividad<\/title>\n<meta name=\"description\" content=\"Si quieres m\u00e1s informaci\u00f3n sobre nuestras actividades o necesitas un programa adaptado a tu espacio o colectivo, estaremos encantados de ayudarte. Ponte en contacto con nosotros y cu\u00e9ntanos tu idea. Analizaremos tus necesidades y te propondremos una soluci\u00f3n personalizada para dise\u00f1ar y coordinar la actividad que est\u00e1s buscando.\" \/>\n<meta name=\"robots\" content=\"index, follow, max-snippet:-1, max-image-preview:large, max-video-preview:-1\" \/>\n<link rel=\"canonical\" href=\"https:\/\/quechis.es\/index.php\/contacto\/\" \/>\n<meta property=\"og:locale\" content=\"es_ES\" \/>\n<meta property=\"og:type\" content=\"article\" \/>\n<meta property=\"og:title\" content=\"Contacta con nosotros y dise\u00f1a tu actividad\" \/>\n<meta property=\"og:description\" content=\"Si quieres m\u00e1s informaci\u00f3n sobre nuestras actividades o necesitas un programa adaptado a tu espacio o colectivo, estaremos encantados de ayudarte. Ponte en contacto con nosotros y cu\u00e9ntanos tu idea. Analizaremos tus necesidades y te propondremos una soluci\u00f3n personalizada para dise\u00f1ar y coordinar la actividad que est\u00e1s buscando.\" \/>\n<meta property=\"og:url\" content=\"https:\/\/quechis.es\/index.php\/contacto\/\" \/>\n<meta property=\"og:site_name\" content=\"Quechis\" \/>\n<meta property=\"article:modified_time\" content=\"2026-01-28T07:39:38+00:00\" \/>\n<meta name=\"twitter:card\" content=\"summary_large_image\" \/>\n<meta name=\"twitter:label1\" content=\"Tiempo de lectura\" \/>\n\t<meta name=\"twitter:data1\" content=\"1 minuto\" \/>\n<script type=\"application\/ld+json\" class=\"yoast-schema-graph\">{\"@context\":\"https:\/\/schema.org\",\"@graph\":[{\"@type\":\"WebPage\",\"@id\":\"https:\/\/quechis.es\/index.php\/contacto\/\",\"url\":\"https:\/\/quechis.es\/index.php\/contacto\/\",\"name\":\"Contacta con nosotros y dise\u00f1a tu actividad\",\"isPartOf\":{\"@id\":\"https:\/\/quechis.es\/#website\"},\"datePublished\":\"2018-08-04T08:27:00+00:00\",\"dateModified\":\"2026-01-28T07:39:38+00:00\",\"description\":\"Si quieres m\u00e1s informaci\u00f3n sobre nuestras actividades o necesitas un programa adaptado a tu espacio o colectivo, estaremos encantados de ayudarte. Ponte en contacto con nosotros y cu\u00e9ntanos tu idea. Analizaremos tus necesidades y te propondremos una soluci\u00f3n personalizada para dise\u00f1ar y coordinar la actividad que est\u00e1s buscando.\",\"breadcrumb\":{\"@id\":\"https:\/\/quechis.es\/index.php\/contacto\/#breadcrumb\"},\"inLanguage\":\"es\",\"potentialAction\":[{\"@type\":\"ReadAction\",\"target\":[\"https:\/\/quechis.es\/index.php\/contacto\/\"]}]},{\"@type\":\"BreadcrumbList\",\"@id\":\"https:\/\/quechis.es\/index.php\/contacto\/#breadcrumb\",\"itemListElement\":[{\"@type\":\"ListItem\",\"position\":1,\"name\":\"Portada\",\"item\":\"https:\/\/quechis.es\/\"},{\"@type\":\"ListItem\",\"position\":2,\"name\":\"Contacto\"}]},{\"@type\":\"WebSite\",\"@id\":\"https:\/\/quechis.es\/#website\",\"url\":\"https:\/\/quechis.es\/\",\"name\":\"Quechis\",\"description\":\"Programaci\u00f3n de Actividades\",\"publisher\":{\"@id\":\"https:\/\/quechis.es\/#organization\"},\"potentialAction\":[{\"@type\":\"SearchAction\",\"target\":{\"@type\":\"EntryPoint\",\"urlTemplate\":\"https:\/\/quechis.es\/?s={search_term_string}\"},\"query-input\":{\"@type\":\"PropertyValueSpecification\",\"valueRequired\":true,\"valueName\":\"search_term_string\"}}],\"inLanguage\":\"es\"},{\"@type\":\"Organization\",\"@id\":\"https:\/\/quechis.es\/#organization\",\"name\":\"Quechis\",\"url\":\"https:\/\/quechis.es\/\",\"logo\":{\"@type\":\"ImageObject\",\"inLanguage\":\"es\",\"@id\":\"https:\/\/quechis.es\/#\/schema\/logo\/image\/\",\"url\":\"https:\/\/quechis.es\/wp-content\/uploads\/2018\/08\/logo.png\",\"contentUrl\":\"https:\/\/quechis.es\/wp-content\/uploads\/2018\/08\/logo.png\",\"width\":163,\"height\":50,\"caption\":\"Quechis\"},\"image\":{\"@id\":\"https:\/\/quechis.es\/#\/schema\/logo\/image\/\"}}]}<\/script>\n<!-- \/ Yoast SEO plugin. -->","yoast_head_json":{"title":"Contacta con nosotros y dise\u00f1a tu actividad","description":"Si quieres m\u00e1s informaci\u00f3n sobre nuestras actividades o necesitas un programa adaptado a tu espacio o colectivo, estaremos encantados de ayudarte. Ponte en contacto con nosotros y cu\u00e9ntanos tu idea. Analizaremos tus necesidades y te propondremos una soluci\u00f3n personalizada para dise\u00f1ar y coordinar la actividad que est\u00e1s buscando.","robots":{"index":"index","follow":"follow","max-snippet":"max-snippet:-1","max-image-preview":"max-image-preview:large","max-video-preview":"max-video-preview:-1"},"canonical":"https:\/\/quechis.es\/index.php\/contacto\/","og_locale":"es_ES","og_type":"article","og_title":"Contacta con nosotros y dise\u00f1a tu actividad","og_description":"Si quieres m\u00e1s informaci\u00f3n sobre nuestras actividades o necesitas un programa adaptado a tu espacio o colectivo, estaremos encantados de ayudarte. Ponte en contacto con nosotros y cu\u00e9ntanos tu idea. Analizaremos tus necesidades y te propondremos una soluci\u00f3n personalizada para dise\u00f1ar y coordinar la actividad que est\u00e1s buscando.","og_url":"https:\/\/quechis.es\/index.php\/contacto\/","og_site_name":"Quechis","article_modified_time":"2026-01-28T07:39:38+00:00","twitter_card":"summary_large_image","twitter_misc":{"Tiempo de lectura":"1 minuto"},"schema":{"@context":"https:\/\/schema.org","@graph":[{"@type":"WebPage","@id":"https:\/\/quechis.es\/index.php\/contacto\/","url":"https:\/\/quechis.es\/index.php\/contacto\/","name":"Contacta con nosotros y dise\u00f1a tu actividad","isPartOf":{"@id":"https:\/\/quechis.es\/#website"},"datePublished":"2018-08-04T08:27:00+00:00","dateModified":"2026-01-28T07:39:38+00:00","description":"Si quieres m\u00e1s informaci\u00f3n sobre nuestras actividades o necesitas un programa adaptado a tu espacio o colectivo, estaremos encantados de ayudarte. Ponte en contacto con nosotros y cu\u00e9ntanos tu idea. Analizaremos tus necesidades y te propondremos una soluci\u00f3n personalizada para dise\u00f1ar y coordinar la actividad que est\u00e1s buscando.","breadcrumb":{"@id":"https:\/\/quechis.es\/index.php\/contacto\/#breadcrumb"},"inLanguage":"es","potentialAction":[{"@type":"ReadAction","target":["https:\/\/quechis.es\/index.php\/contacto\/"]}]},{"@type":"BreadcrumbList","@id":"https:\/\/quechis.es\/index.php\/contacto\/#breadcrumb","itemListElement":[{"@type":"ListItem","position":1,"name":"Portada","item":"https:\/\/quechis.es\/"},{"@type":"ListItem","position":2,"name":"Contacto"}]},{"@type":"WebSite","@id":"https:\/\/quechis.es\/#website","url":"https:\/\/quechis.es\/","name":"Quechis","description":"Programaci\u00f3n de Actividades","publisher":{"@id":"https:\/\/quechis.es\/#organization"},"potentialAction":[{"@type":"SearchAction","target":{"@type":"EntryPoint","urlTemplate":"https:\/\/quechis.es\/?s={search_term_string}"},"query-input":{"@type":"PropertyValueSpecification","valueRequired":true,"valueName":"search_term_string"}}],"inLanguage":"es"},{"@type":"Organization","@id":"https:\/\/quechis.es\/#organization","name":"Quechis","url":"https:\/\/quechis.es\/","logo":{"@type":"ImageObject","inLanguage":"es","@id":"https:\/\/quechis.es\/#\/schema\/logo\/image\/","url":"https:\/\/quechis.es\/wp-content\/uploads\/2018\/08\/logo.png","contentUrl":"https:\/\/quechis.es\/wp-content\/uploads\/2018\/08\/logo.png","width":163,"height":50,"caption":"Quechis"},"image":{"@id":"https:\/\/quechis.es\/#\/schema\/logo\/image\/"}}]}},"rttpg_featured_image_url":null,"rttpg_author":{"display_name":"admin","author_link":"https:\/\/quechis.es\/index.php\/author\/vicentegaldon_r0px87ei\/"},"rttpg_comment":0,"rttpg_category":null,"rttpg_excerpt":"Alguna Pregunta? No dudes en Escribirnos Llamanos &#8211; +34 680 51 04 37Valencia &#8211; Carrer de Torrent, 29, pta. B5.quechiscoordactv@gmail.com","_links":{"self":[{"href":"https:\/\/quechis.es\/index.php\/wp-json\/wp\/v2\/pages\/196","targetHints":{"allow":["GET"]}}],"collection":[{"href":"https:\/\/quechis.es\/index.php\/wp-json\/wp\/v2\/pages"}],"about":[{"href":"https:\/\/quechis.es\/index.php\/wp-json\/wp\/v2\/types\/page"}],"author":[{"embeddable":true,"href":"https:\/\/quechis.es\/index.php\/wp-json\/wp\/v2\/users\/1"}],"replies":[{"embeddable":true,"href":"https:\/\/quechis.es\/index.php\/wp-json\/wp\/v2\/comments?post=196"}],"version-history":[{"count":28,"href":"https:\/\/quechis.es\/index.php\/wp-json\/wp\/v2\/pages\/196\/revisions"}],"predecessor-version":[{"id":5379,"href":"https:\/\/quechis.es\/index.php\/wp-json\/wp\/v2\/pages\/196\/revisions\/5379"}],"wp:attachment":[{"href":"https:\/\/quechis.es\/index.php\/wp-json\/wp\/v2\/media?parent=196"}],"curies":[{"name":"wp","href":"https:\/\/api.w.org\/{rel}","templated":true}]}}