{"id":5431,"date":"2026-01-16T16:38:36","date_gmt":"2026-01-16T16:38:36","guid":{"rendered":"https:\/\/e9.servicios-empresa.com\/?page_id=5431"},"modified":"2026-01-18T17:45:25","modified_gmt":"2026-01-18T17:45:25","slug":"expediciones-para-juventud","status":"publish","type":"page","link":"https:\/\/quechis.es\/index.php\/expediciones-para-juventud\/","title":{"rendered":"Expediciones para Juventud"},"content":{"rendered":"\t\t<div data-elementor-type=\"wp-post\" data-elementor-id=\"5431\" class=\"elementor elementor-5431\">\n\t\t\t\t\t\t<section class=\"elementor-section elementor-top-section elementor-element elementor-element-08fdac7 elementor-section-stretched elementor-section-boxed elementor-section-height-default elementor-section-height-default\" data-id=\"08fdac7\" data-element_type=\"section\" data-settings=\"{&quot;stretch_section&quot;:&quot;section-stretched&quot;}\">\n\t\t\t\t\t\t<div class=\"elementor-container elementor-column-gap-extended\">\n\t\t\t\t\t<div class=\"elementor-column elementor-col-50 elementor-top-column elementor-element elementor-element-b688740 sc_layouts_column_icons_position_left\" data-id=\"b688740\" data-element_type=\"column\">\n\t\t\t<div class=\"elementor-widget-wrap elementor-element-populated\">\n\t\t\t\t\t\t<div class=\"elementor-element elementor-element-9ca0464 elementor-widget elementor-widget-trx_sc_title\" data-id=\"9ca0464\" data-element_type=\"widget\" data-widget_type=\"trx_sc_title.default\">\n\t\t\t\t<div class=\"elementor-widget-container\">\n\t\t\t\t\t<div id=\"trx_sc_title_3509328\"\n\t\tclass=\"sc_title sc_title_accent\"><h6 class=\"sc_item_subtitle sc_title_subtitle sc_align_none sc_item_title_style_accent\">Bienvenidos!<\/h6><h2 class=\"sc_item_title sc_title_title sc_align_none sc_item_title_style_accent\">Expediciones para Juventud<\/h2><div class=\"sc_item_descr sc_title_descr sc_align_none\"><p>Las expediciones para juventud de Quechis ofrecen viajes de varios d\u00edas pensados para grupos j\u00f3venes (Bachillerato, universitarios, asociaciones\u2026) que quieren vivir una experiencia intensa de naturaleza y aventura. En destinos como Pirineos o Cartagena se combinan actividades como rafting, barranquismo, senderismo, paseos en canoa o trekking con visitas a pueblos y espacios naturales destacados, siempre en un ambiente de convivencia y buen clima de grupo.<\/p>\n<p>Son programas cerrados que incluyen alojamiento, transporte, media pensi\u00f3n o pensi\u00f3n completa y equipo t\u00e9cnico para las actividades, con monitores que acompa\u00f1an y dinamizan al grupo durante toda la expedici\u00f3n. El objetivo es desconectar del curso, disfrutar al aire libre y crear v\u00ednculos a trav\u00e9s de experiencias compartidas. En el PDF puedes consultar los cronogramas detallados de cada destino, precios y condiciones de reserva.<\/p>\n<\/div><\/div><!-- \/.sc_title -->\t\t\t\t<\/div>\n\t\t\t\t<\/div>\n\t\t\t\t<div class=\"elementor-element elementor-element-db8ee69 elementor-widget elementor-widget-trx_sc_title\" data-id=\"db8ee69\" data-element_type=\"widget\" data-widget_type=\"trx_sc_title.default\">\n\t\t\t\t<div class=\"elementor-widget-container\">\n\t\t\t\t\t<div id=\"trx_sc_title_824709340\"\n\t\tclass=\"sc_title sc_title_accent\"><h6 class=\"sc_item_subtitle sc_title_subtitle sc_align_none sc_item_title_style_accent\">M\u00e1s Infomraci\u00f3n:<\/h6><a href=\"https:\/\/e9.servicios-empresa.com\/wp-content\/uploads\/2026\/01\/Quechis_Expediciones_PIRINEOS-Y-CARTAGENA.pdf\" id=\"sc_button_57748225\" class=\"sc_button sc_button_default sc_item_button sc_item_button_default sc_title_button sc_button_size_normal sc_button_icon_left\"><span class=\"sc_button_text\"><span class=\"sc_button_title\">EXPEDICIONES PIRINEOS Y CARTAGENA<\/span><\/span><!-- \/.sc_button_text --><\/a><!-- \/.sc_button --><\/div><!-- \/.sc_title -->\t\t\t\t<\/div>\n\t\t\t\t<\/div>\n\t\t\t\t\t<\/div>\n\t\t<\/div>\n\t\t\t\t<div class=\"elementor-column elementor-col-50 elementor-top-column elementor-element elementor-element-c0cb462 sc_layouts_column_icons_position_left\" data-id=\"c0cb462\" data-element_type=\"column\">\n\t\t\t<div class=\"elementor-widget-wrap elementor-element-populated\">\n\t\t\t\t\t\t<div class=\"elementor-element elementor-element-382d274 elementor-widget elementor-widget-image\" data-id=\"382d274\" data-element_type=\"widget\" data-widget_type=\"image.default\">\n\t\t\t\t<div class=\"elementor-widget-container\">\n\t\t\t\t\t\t\t\t\t\t\t\t\t\t\t<img fetchpriority=\"high\" decoding=\"async\" width=\"2560\" height=\"1707\" src=\"https:\/\/quechis.es\/wp-content\/uploads\/2026\/01\/ashim-d-silva-ujxl9x0nwq8-unsplash-scaled.jpeg\" class=\"attachment-full size-full wp-image-5559\" alt=\"\" srcset=\"https:\/\/quechis.es\/wp-content\/uploads\/2026\/01\/ashim-d-silva-ujxl9x0nwq8-unsplash-scaled.jpeg 2560w, https:\/\/quechis.es\/wp-content\/uploads\/2026\/01\/ashim-d-silva-ujxl9x0nwq8-unsplash-300x200.jpeg 300w, https:\/\/quechis.es\/wp-content\/uploads\/2026\/01\/ashim-d-silva-ujxl9x0nwq8-unsplash-1024x683.jpeg 1024w, https:\/\/quechis.es\/wp-content\/uploads\/2026\/01\/ashim-d-silva-ujxl9x0nwq8-unsplash-768x512.jpeg 768w, https:\/\/quechis.es\/wp-content\/uploads\/2026\/01\/ashim-d-silva-ujxl9x0nwq8-unsplash-1536x1024.jpeg 1536w, https:\/\/quechis.es\/wp-content\/uploads\/2026\/01\/ashim-d-silva-ujxl9x0nwq8-unsplash-2048x1365.jpeg 2048w, https:\/\/quechis.es\/wp-content\/uploads\/2026\/01\/ashim-d-silva-ujxl9x0nwq8-unsplash-370x247.jpeg 370w, https:\/\/quechis.es\/wp-content\/uploads\/2026\/01\/ashim-d-silva-ujxl9x0nwq8-unsplash-760x507.jpeg 760w, https:\/\/quechis.es\/wp-content\/uploads\/2026\/01\/ashim-d-silva-ujxl9x0nwq8-unsplash-600x400.jpeg 600w\" sizes=\"(max-width: 2560px) 100vw, 2560px\" \/>\t\t\t\t\t\t\t\t\t\t\t\t\t\t\t<\/div>\n\t\t\t\t<\/div>\n\t\t\t\t\t<\/div>\n\t\t<\/div>\n\t\t\t\t\t<\/div>\n\t\t<\/section>\n\t\t\t\t<section class=\"elementor-section elementor-top-section elementor-element elementor-element-26263af elementor-section-stretched elementor-section-full_width elementor-section-height-default elementor-section-height-default\" data-id=\"26263af\" data-element_type=\"section\" data-settings=\"{&quot;stretch_section&quot;:&quot;section-stretched&quot;,&quot;background_background&quot;:&quot;classic&quot;}\">\n\t\t\t\t\t\t<div class=\"elementor-container elementor-column-gap-extended\">\n\t\t\t\t\t<div class=\"elementor-column elementor-col-100 elementor-top-column elementor-element elementor-element-e951160 sc_layouts_column_icons_position_left\" data-id=\"e951160\" data-element_type=\"column\">\n\t\t\t<div class=\"elementor-widget-wrap elementor-element-populated\">\n\t\t\t\t\t\t<div class=\"elementor-element elementor-element-643e1d5 elementor-widget elementor-widget-spacer\" data-id=\"643e1d5\" data-element_type=\"widget\" data-widget_type=\"spacer.default\">\n\t\t\t\t<div class=\"elementor-widget-container\">\n\t\t\t\t\t\t\t<div class=\"elementor-spacer\">\n\t\t\t<div class=\"elementor-spacer-inner\"><\/div>\n\t\t<\/div>\n\t\t\t\t\t\t<\/div>\n\t\t\t\t<\/div>\n\t\t\t\t\t<\/div>\n\t\t<\/div>\n\t\t\t\t\t<\/div>\n\t\t<\/section>\n\t\t\t\t<section class=\"elementor-section elementor-top-section elementor-element elementor-element-9a61c2d elementor-section-stretched elementor-section-full_width elementor-section-height-default elementor-section-height-default\" data-id=\"9a61c2d\" data-element_type=\"section\" data-settings=\"{&quot;stretch_section&quot;:&quot;section-stretched&quot;,&quot;background_background&quot;:&quot;classic&quot;}\">\n\t\t\t\t\t\t<div class=\"elementor-container elementor-column-gap-extended\">\n\t\t\t\t\t<div class=\"elementor-column elementor-col-100 elementor-top-column elementor-element elementor-element-965fbe5 sc_layouts_column_icons_position_left\" data-id=\"965fbe5\" data-element_type=\"column\">\n\t\t\t<div class=\"elementor-widget-wrap elementor-element-populated\">\n\t\t\t\t\t\t<div class=\"elementor-element elementor-element-6e2fd6c elementor-widget elementor-widget-spacer\" data-id=\"6e2fd6c\" data-element_type=\"widget\" data-widget_type=\"spacer.default\">\n\t\t\t\t<div class=\"elementor-widget-container\">\n\t\t\t\t\t\t\t<div class=\"elementor-spacer\">\n\t\t\t<div class=\"elementor-spacer-inner\"><\/div>\n\t\t<\/div>\n\t\t\t\t\t\t<\/div>\n\t\t\t\t<\/div>\n\t\t\t\t\t<\/div>\n\t\t<\/div>\n\t\t\t\t\t<\/div>\n\t\t<\/section>\n\t\t\t\t<section class=\"elementor-section elementor-top-section elementor-element elementor-element-8818178 elementor-section-stretched elementor-section-boxed elementor-section-height-default elementor-section-height-default\" data-id=\"8818178\" data-element_type=\"section\" data-settings=\"{&quot;stretch_section&quot;:&quot;section-stretched&quot;}\">\n\t\t\t\t\t\t<div class=\"elementor-container elementor-column-gap-extended\">\n\t\t\t\t\t<div class=\"elementor-column elementor-col-100 elementor-top-column elementor-element elementor-element-6f04510 sc_layouts_column_icons_position_left\" data-id=\"6f04510\" data-element_type=\"column\">\n\t\t\t<div class=\"elementor-widget-wrap elementor-element-populated\">\n\t\t\t\t\t\t<div class=\"elementor-element elementor-element-a7d9597 elementor-widget elementor-widget-trx_sc_title\" data-id=\"a7d9597\" data-element_type=\"widget\" data-widget_type=\"trx_sc_title.default\">\n\t\t\t\t<div class=\"elementor-widget-container\">\n\t\t\t\t\t<div id=\"trx_sc_title_1523822701\"\n\t\tclass=\"sc_title sc_title_default\"><h6 class=\"sc_item_subtitle sc_title_subtitle sc_align_center sc_item_title_style_default\">Nuestras Fotos<\/h6><h2 class=\"sc_item_title sc_title_title sc_align_center sc_item_title_style_default\">Galer\u00eda<\/h2><\/div><!-- \/.sc_title -->\t\t\t\t<\/div>\n\t\t\t\t<\/div>\n\t\t\t\t<div class=\"elementor-element elementor-element-4e4dc0a elementor-widget elementor-widget-spacer\" data-id=\"4e4dc0a\" data-element_type=\"widget\" data-widget_type=\"spacer.default\">\n\t\t\t\t<div class=\"elementor-widget-container\">\n\t\t\t\t\t\t\t<div class=\"elementor-spacer\">\n\t\t\t<div class=\"elementor-spacer-inner\"><\/div>\n\t\t<\/div>\n\t\t\t\t\t\t<\/div>\n\t\t\t\t<\/div>\n\t\t\t\t<div class=\"elementor-element elementor-element-c612f10 elementor-widget elementor-widget-spacer\" data-id=\"c612f10\" data-element_type=\"widget\" data-widget_type=\"spacer.default\">\n\t\t\t\t<div class=\"elementor-widget-container\">\n\t\t\t\t\t\t\t<div class=\"elementor-spacer\">\n\t\t\t<div class=\"elementor-spacer-inner\"><\/div>\n\t\t<\/div>\n\t\t\t\t\t\t<\/div>\n\t\t\t\t<\/div>\n\t\t\t\t\t<\/div>\n\t\t<\/div>\n\t\t\t\t\t<\/div>\n\t\t<\/section>\n\t\t\t\t<section class=\"elementor-section elementor-top-section elementor-element elementor-element-8e9d47a elementor-section-boxed elementor-section-height-default elementor-section-height-default\" data-id=\"8e9d47a\" data-element_type=\"section\">\n\t\t\t\t\t\t<div class=\"elementor-container elementor-column-gap-extended\">\n\t\t\t\t\t<div class=\"elementor-column elementor-col-100 elementor-top-column elementor-element elementor-element-74b25cf sc_layouts_column_icons_position_left\" data-id=\"74b25cf\" data-element_type=\"column\">\n\t\t\t<div class=\"elementor-widget-wrap elementor-element-populated\">\n\t\t\t\t\t\t<div class=\"elementor-element elementor-element-a44ced1 elementor-widget elementor-widget-spacer\" data-id=\"a44ced1\" data-element_type=\"widget\" data-widget_type=\"spacer.default\">\n\t\t\t\t<div class=\"elementor-widget-container\">\n\t\t\t\t\t\t\t<div class=\"elementor-spacer\">\n\t\t\t<div class=\"elementor-spacer-inner\"><\/div>\n\t\t<\/div>\n\t\t\t\t\t\t<\/div>\n\t\t\t\t<\/div>\n\t\t\t\t\t<\/div>\n\t\t<\/div>\n\t\t\t\t\t<\/div>\n\t\t<\/section>\n\t\t\t\t<\/div>\n\t\t","protected":false},"excerpt":{"rendered":"<p>Bienvenidos! Expediciones para Juventud Las expediciones para juventud de Quechis ofrecen viajes de varios d\u00edas pensados para grupos j\u00f3venes (Bachillerato, universitarios, asociaciones\u2026) que quieren vivir&hellip;<\/p>\n","protected":false},"author":1,"featured_media":0,"parent":0,"menu_order":0,"comment_status":"closed","ping_status":"closed","template":"","meta":{"footnotes":""},"class_list":["post-5431","page","type-page","status-publish","hentry"],"yoast_head":"<!-- This site is optimized with the Yoast SEO plugin v26.7 - https:\/\/yoast.com\/wordpress\/plugins\/seo\/ -->\n<title>Expediciones para Juventud - Quechis<\/title>\n<meta name=\"robots\" content=\"index, follow, max-snippet:-1, max-image-preview:large, max-video-preview:-1\" \/>\n<link rel=\"canonical\" href=\"https:\/\/quechis.es\/index.php\/expediciones-para-juventud\/\" \/>\n<meta property=\"og:locale\" content=\"es_ES\" \/>\n<meta property=\"og:type\" content=\"article\" \/>\n<meta property=\"og:title\" content=\"Expediciones para Juventud - Quechis\" \/>\n<meta property=\"og:description\" content=\"Bienvenidos! Expediciones para Juventud Las expediciones para juventud de Quechis ofrecen viajes de varios d\u00edas pensados para grupos j\u00f3venes (Bachillerato, universitarios, asociaciones\u2026) que quieren vivir&hellip;\" \/>\n<meta property=\"og:url\" content=\"https:\/\/quechis.es\/index.php\/expediciones-para-juventud\/\" \/>\n<meta property=\"og:site_name\" content=\"Quechis\" \/>\n<meta property=\"article:modified_time\" content=\"2026-01-18T17:45:25+00:00\" \/>\n<meta property=\"og:image\" content=\"https:\/\/e9.servicios-empresa.com\/wp-content\/uploads\/2026\/01\/ashim-d-silva-ujxl9x0nwq8-unsplash-scaled.jpeg\" \/>\n<meta name=\"twitter:card\" content=\"summary_large_image\" \/>\n<meta name=\"twitter:label1\" content=\"Tiempo de lectura\" \/>\n\t<meta name=\"twitter:data1\" content=\"1 minuto\" \/>\n<script type=\"application\/ld+json\" class=\"yoast-schema-graph\">{\"@context\":\"https:\/\/schema.org\",\"@graph\":[{\"@type\":\"WebPage\",\"@id\":\"https:\/\/quechis.es\/index.php\/expediciones-para-juventud\/\",\"url\":\"https:\/\/quechis.es\/index.php\/expediciones-para-juventud\/\",\"name\":\"Expediciones para Juventud - Quechis\",\"isPartOf\":{\"@id\":\"https:\/\/quechis.es\/#website\"},\"primaryImageOfPage\":{\"@id\":\"https:\/\/quechis.es\/index.php\/expediciones-para-juventud\/#primaryimage\"},\"image\":{\"@id\":\"https:\/\/quechis.es\/index.php\/expediciones-para-juventud\/#primaryimage\"},\"thumbnailUrl\":\"https:\/\/e9.servicios-empresa.com\/wp-content\/uploads\/2026\/01\/ashim-d-silva-ujxl9x0nwq8-unsplash-scaled.jpeg\",\"datePublished\":\"2026-01-16T16:38:36+00:00\",\"dateModified\":\"2026-01-18T17:45:25+00:00\",\"breadcrumb\":{\"@id\":\"https:\/\/quechis.es\/index.php\/expediciones-para-juventud\/#breadcrumb\"},\"inLanguage\":\"es\",\"potentialAction\":[{\"@type\":\"ReadAction\",\"target\":[\"https:\/\/quechis.es\/index.php\/expediciones-para-juventud\/\"]}]},{\"@type\":\"ImageObject\",\"inLanguage\":\"es\",\"@id\":\"https:\/\/quechis.es\/index.php\/expediciones-para-juventud\/#primaryimage\",\"url\":\"https:\/\/e9.servicios-empresa.com\/wp-content\/uploads\/2026\/01\/ashim-d-silva-ujxl9x0nwq8-unsplash-scaled.jpeg\",\"contentUrl\":\"https:\/\/e9.servicios-empresa.com\/wp-content\/uploads\/2026\/01\/ashim-d-silva-ujxl9x0nwq8-unsplash-scaled.jpeg\"},{\"@type\":\"BreadcrumbList\",\"@id\":\"https:\/\/quechis.es\/index.php\/expediciones-para-juventud\/#breadcrumb\",\"itemListElement\":[{\"@type\":\"ListItem\",\"position\":1,\"name\":\"Portada\",\"item\":\"https:\/\/quechis.es\/\"},{\"@type\":\"ListItem\",\"position\":2,\"name\":\"Expediciones para Juventud\"}]},{\"@type\":\"WebSite\",\"@id\":\"https:\/\/quechis.es\/#website\",\"url\":\"https:\/\/quechis.es\/\",\"name\":\"Quechis\",\"description\":\"Programaci\u00f3n de Actividades\",\"publisher\":{\"@id\":\"https:\/\/quechis.es\/#organization\"},\"potentialAction\":[{\"@type\":\"SearchAction\",\"target\":{\"@type\":\"EntryPoint\",\"urlTemplate\":\"https:\/\/quechis.es\/?s={search_term_string}\"},\"query-input\":{\"@type\":\"PropertyValueSpecification\",\"valueRequired\":true,\"valueName\":\"search_term_string\"}}],\"inLanguage\":\"es\"},{\"@type\":\"Organization\",\"@id\":\"https:\/\/quechis.es\/#organization\",\"name\":\"Quechis\",\"url\":\"https:\/\/quechis.es\/\",\"logo\":{\"@type\":\"ImageObject\",\"inLanguage\":\"es\",\"@id\":\"https:\/\/quechis.es\/#\/schema\/logo\/image\/\",\"url\":\"https:\/\/quechis.es\/wp-content\/uploads\/2018\/08\/logo.png\",\"contentUrl\":\"https:\/\/quechis.es\/wp-content\/uploads\/2018\/08\/logo.png\",\"width\":163,\"height\":50,\"caption\":\"Quechis\"},\"image\":{\"@id\":\"https:\/\/quechis.es\/#\/schema\/logo\/image\/\"}}]}<\/script>\n<!-- \/ Yoast SEO plugin. -->","yoast_head_json":{"title":"Expediciones para Juventud - Quechis","robots":{"index":"index","follow":"follow","max-snippet":"max-snippet:-1","max-image-preview":"max-image-preview:large","max-video-preview":"max-video-preview:-1"},"canonical":"https:\/\/quechis.es\/index.php\/expediciones-para-juventud\/","og_locale":"es_ES","og_type":"article","og_title":"Expediciones para Juventud - Quechis","og_description":"Bienvenidos! Expediciones para Juventud Las expediciones para juventud de Quechis ofrecen viajes de varios d\u00edas pensados para grupos j\u00f3venes (Bachillerato, universitarios, asociaciones\u2026) que quieren vivir&hellip;","og_url":"https:\/\/quechis.es\/index.php\/expediciones-para-juventud\/","og_site_name":"Quechis","article_modified_time":"2026-01-18T17:45:25+00:00","og_image":[{"url":"https:\/\/e9.servicios-empresa.com\/wp-content\/uploads\/2026\/01\/ashim-d-silva-ujxl9x0nwq8-unsplash-scaled.jpeg","type":"","width":"","height":""}],"twitter_card":"summary_large_image","twitter_misc":{"Tiempo de lectura":"1 minuto"},"schema":{"@context":"https:\/\/schema.org","@graph":[{"@type":"WebPage","@id":"https:\/\/quechis.es\/index.php\/expediciones-para-juventud\/","url":"https:\/\/quechis.es\/index.php\/expediciones-para-juventud\/","name":"Expediciones para Juventud - Quechis","isPartOf":{"@id":"https:\/\/quechis.es\/#website"},"primaryImageOfPage":{"@id":"https:\/\/quechis.es\/index.php\/expediciones-para-juventud\/#primaryimage"},"image":{"@id":"https:\/\/quechis.es\/index.php\/expediciones-para-juventud\/#primaryimage"},"thumbnailUrl":"https:\/\/e9.servicios-empresa.com\/wp-content\/uploads\/2026\/01\/ashim-d-silva-ujxl9x0nwq8-unsplash-scaled.jpeg","datePublished":"2026-01-16T16:38:36+00:00","dateModified":"2026-01-18T17:45:25+00:00","breadcrumb":{"@id":"https:\/\/quechis.es\/index.php\/expediciones-para-juventud\/#breadcrumb"},"inLanguage":"es","potentialAction":[{"@type":"ReadAction","target":["https:\/\/quechis.es\/index.php\/expediciones-para-juventud\/"]}]},{"@type":"ImageObject","inLanguage":"es","@id":"https:\/\/quechis.es\/index.php\/expediciones-para-juventud\/#primaryimage","url":"https:\/\/e9.servicios-empresa.com\/wp-content\/uploads\/2026\/01\/ashim-d-silva-ujxl9x0nwq8-unsplash-scaled.jpeg","contentUrl":"https:\/\/e9.servicios-empresa.com\/wp-content\/uploads\/2026\/01\/ashim-d-silva-ujxl9x0nwq8-unsplash-scaled.jpeg"},{"@type":"BreadcrumbList","@id":"https:\/\/quechis.es\/index.php\/expediciones-para-juventud\/#breadcrumb","itemListElement":[{"@type":"ListItem","position":1,"name":"Portada","item":"https:\/\/quechis.es\/"},{"@type":"ListItem","position":2,"name":"Expediciones para Juventud"}]},{"@type":"WebSite","@id":"https:\/\/quechis.es\/#website","url":"https:\/\/quechis.es\/","name":"Quechis","description":"Programaci\u00f3n de Actividades","publisher":{"@id":"https:\/\/quechis.es\/#organization"},"potentialAction":[{"@type":"SearchAction","target":{"@type":"EntryPoint","urlTemplate":"https:\/\/quechis.es\/?s={search_term_string}"},"query-input":{"@type":"PropertyValueSpecification","valueRequired":true,"valueName":"search_term_string"}}],"inLanguage":"es"},{"@type":"Organization","@id":"https:\/\/quechis.es\/#organization","name":"Quechis","url":"https:\/\/quechis.es\/","logo":{"@type":"ImageObject","inLanguage":"es","@id":"https:\/\/quechis.es\/#\/schema\/logo\/image\/","url":"https:\/\/quechis.es\/wp-content\/uploads\/2018\/08\/logo.png","contentUrl":"https:\/\/quechis.es\/wp-content\/uploads\/2018\/08\/logo.png","width":163,"height":50,"caption":"Quechis"},"image":{"@id":"https:\/\/quechis.es\/#\/schema\/logo\/image\/"}}]}},"rttpg_featured_image_url":null,"rttpg_author":{"display_name":"admin","author_link":"https:\/\/quechis.es\/index.php\/author\/vicentegaldon_r0px87ei\/"},"rttpg_comment":0,"rttpg_category":null,"rttpg_excerpt":"Bienvenidos! Expediciones para Juventud Las expediciones para juventud de Quechis ofrecen viajes de varios d\u00edas pensados para grupos j\u00f3venes (Bachillerato, universitarios, asociaciones\u2026) que quieren vivir&hellip;","_links":{"self":[{"href":"https:\/\/quechis.es\/index.php\/wp-json\/wp\/v2\/pages\/5431","targetHints":{"allow":["GET"]}}],"collection":[{"href":"https:\/\/quechis.es\/index.php\/wp-json\/wp\/v2\/pages"}],"about":[{"href":"https:\/\/quechis.es\/index.php\/wp-json\/wp\/v2\/types\/page"}],"author":[{"embeddable":true,"href":"https:\/\/quechis.es\/index.php\/wp-json\/wp\/v2\/users\/1"}],"replies":[{"embeddable":true,"href":"https:\/\/quechis.es\/index.php\/wp-json\/wp\/v2\/comments?post=5431"}],"version-history":[{"count":13,"href":"https:\/\/quechis.es\/index.php\/wp-json\/wp\/v2\/pages\/5431\/revisions"}],"predecessor-version":[{"id":5562,"href":"https:\/\/quechis.es\/index.php\/wp-json\/wp\/v2\/pages\/5431\/revisions\/5562"}],"wp:attachment":[{"href":"https:\/\/quechis.es\/index.php\/wp-json\/wp\/v2\/media?parent=5431"}],"curies":[{"name":"wp","href":"https:\/\/api.w.org\/{rel}","templated":true}]}}