{"id":5434,"date":"2026-01-16T16:39:16","date_gmt":"2026-01-16T16:39:16","guid":{"rendered":"https:\/\/e9.servicios-empresa.com\/?page_id=5434"},"modified":"2026-01-18T17:47:24","modified_gmt":"2026-01-18T17:47:24","slug":"talleres-audiovisuales","status":"publish","type":"page","link":"https:\/\/quechis.es\/index.php\/talleres-audiovisuales\/","title":{"rendered":"Talleres Audiovisuales"},"content":{"rendered":"\t\t<div data-elementor-type=\"wp-post\" data-elementor-id=\"5434\" class=\"elementor elementor-5434\">\n\t\t\t\t\t\t<section class=\"elementor-section elementor-top-section elementor-element elementor-element-08fdac7 elementor-section-stretched elementor-section-boxed elementor-section-height-default elementor-section-height-default\" data-id=\"08fdac7\" data-element_type=\"section\" data-settings=\"{&quot;stretch_section&quot;:&quot;section-stretched&quot;}\">\n\t\t\t\t\t\t<div class=\"elementor-container elementor-column-gap-extended\">\n\t\t\t\t\t<div class=\"elementor-column elementor-col-50 elementor-top-column elementor-element elementor-element-b688740 sc_layouts_column_icons_position_left\" data-id=\"b688740\" data-element_type=\"column\">\n\t\t\t<div class=\"elementor-widget-wrap elementor-element-populated\">\n\t\t\t\t\t\t<div class=\"elementor-element elementor-element-9ca0464 elementor-widget elementor-widget-trx_sc_title\" data-id=\"9ca0464\" data-element_type=\"widget\" data-widget_type=\"trx_sc_title.default\">\n\t\t\t\t<div class=\"elementor-widget-container\">\n\t\t\t\t\t<div id=\"trx_sc_title_895722192\"\n\t\tclass=\"sc_title sc_title_accent\"><h6 class=\"sc_item_subtitle sc_title_subtitle sc_align_none sc_item_title_style_accent\">Bienvenidos!<\/h6><h2 class=\"sc_item_title sc_title_title sc_align_none sc_item_title_style_accent\">Talleres Audiovisuales<\/h2><div class=\"sc_item_descr sc_title_descr sc_align_none\"><p>Los proyectos audiovisuales de Quechis ofrecen talleres creativos pensados para j\u00f3venes y adolescentes en institutos, centros de juventud y ayuntamientos. A trav\u00e9s de propuestas como \u201c\u00bfC\u00f3mo suena mi pueblo?\u201d, la creaci\u00f3n de una canci\u00f3n urbana sobre \u201cEl mundo que queremos\u201d o la producci\u00f3n de un podcast piloto en \u201c\u00bfPor qu\u00e9 no se habla de esto?\u201d, los grupos descubren su entorno, expresan sus ideas y trabajan en equipo usando herramientas digitales accesibles (m\u00f3vil, apps de audio, etc.) de una forma din\u00e1mica y divertida.<\/p>\n<p>Adem\u00e1s, Quechis ofrece cursos de formaci\u00f3n en el \u00e1mbito del sonido y la producci\u00f3n audiovisual, con diferentes niveles y duraciones, dirigidos tanto a j\u00f3venes que quieren ir un paso m\u00e1s all\u00e1 como a personal t\u00e9cnico y educativo de centros y ayuntamientos. Estos cursos, m\u00e1s continuados y \u201cserios\u201d, permiten adquirir autonom\u00eda en inform\u00e1tica musical, grabaci\u00f3n y edici\u00f3n, o sonido en directo, y pueden integrarse dentro de proyectos mayores del propio centro. En el PDF puedes ver el detalle de cada taller y los distintos itinerarios formativos.<\/p>\n<\/div><\/div><!-- \/.sc_title -->\t\t\t\t<\/div>\n\t\t\t\t<\/div>\n\t\t\t\t<section class=\"elementor-section elementor-inner-section elementor-element elementor-element-8e6fb10 elementor-section-content-middle elementor-section-boxed elementor-section-height-default elementor-section-height-default\" data-id=\"8e6fb10\" data-element_type=\"section\">\n\t\t\t\t\t\t<div class=\"elementor-container elementor-column-gap-extended\">\n\t\t\t\t\t<div class=\"elementor-column elementor-col-100 elementor-inner-column elementor-element elementor-element-bbc1126 sc_layouts_column_icons_position_left\" data-id=\"bbc1126\" data-element_type=\"column\">\n\t\t\t<div class=\"elementor-widget-wrap elementor-element-populated\">\n\t\t\t\t\t\t<div class=\"elementor-element elementor-element-fce4b40 elementor-widget elementor-widget-trx_sc_title\" data-id=\"fce4b40\" data-element_type=\"widget\" data-widget_type=\"trx_sc_title.default\">\n\t\t\t\t<div class=\"elementor-widget-container\">\n\t\t\t\t\t<div id=\"trx_sc_title_1935322445\"\n\t\tclass=\"sc_title sc_title_accent\"><h6 class=\"sc_item_subtitle sc_title_subtitle sc_align_none sc_item_title_style_accent\">M\u00e1s informaci\u00f3n:<\/h6><a href=\"https:\/\/e9.servicios-empresa.com\/wp-content\/uploads\/2026\/01\/WEB_QUECHIS_PROYECTOS_AUDIOVISUALES_JUVENTUD.pdf\" id=\"sc_button_1443855702\" class=\"sc_button sc_button_default sc_item_button sc_item_button_default sc_title_button sc_button_size_normal sc_button_icon_left\" target=\"_blank\"><span class=\"sc_button_text\"><span class=\"sc_button_title\">Talleres Audiovisuales<\/span><\/span><!-- \/.sc_button_text --><\/a><!-- \/.sc_button --><\/div><!-- \/.sc_title -->\t\t\t\t<\/div>\n\t\t\t\t<\/div>\n\t\t\t\t\t<\/div>\n\t\t<\/div>\n\t\t\t\t\t<\/div>\n\t\t<\/section>\n\t\t\t\t\t<\/div>\n\t\t<\/div>\n\t\t\t\t<div class=\"elementor-column elementor-col-50 elementor-top-column elementor-element elementor-element-c0cb462 sc_layouts_column_icons_position_left\" data-id=\"c0cb462\" data-element_type=\"column\">\n\t\t\t<div class=\"elementor-widget-wrap elementor-element-populated\">\n\t\t\t\t\t\t<div class=\"elementor-element elementor-element-382d274 elementor-widget elementor-widget-image\" data-id=\"382d274\" data-element_type=\"widget\" data-widget_type=\"image.default\">\n\t\t\t\t<div class=\"elementor-widget-container\">\n\t\t\t\t\t\t\t\t\t\t\t\t\t\t\t<img fetchpriority=\"high\" decoding=\"async\" width=\"2000\" height=\"1298\" src=\"https:\/\/quechis.es\/wp-content\/uploads\/2026\/01\/produccion-audiovisual.webp\" class=\"attachment-full size-full wp-image-5563\" alt=\"\" srcset=\"https:\/\/quechis.es\/wp-content\/uploads\/2026\/01\/produccion-audiovisual.webp 2000w, https:\/\/quechis.es\/wp-content\/uploads\/2026\/01\/produccion-audiovisual-300x195.webp 300w, https:\/\/quechis.es\/wp-content\/uploads\/2026\/01\/produccion-audiovisual-1024x665.webp 1024w, https:\/\/quechis.es\/wp-content\/uploads\/2026\/01\/produccion-audiovisual-768x498.webp 768w, https:\/\/quechis.es\/wp-content\/uploads\/2026\/01\/produccion-audiovisual-1536x997.webp 1536w, https:\/\/quechis.es\/wp-content\/uploads\/2026\/01\/produccion-audiovisual-370x240.webp 370w, https:\/\/quechis.es\/wp-content\/uploads\/2026\/01\/produccion-audiovisual-760x493.webp 760w, https:\/\/quechis.es\/wp-content\/uploads\/2026\/01\/produccion-audiovisual-600x389.webp 600w\" sizes=\"(max-width: 2000px) 100vw, 2000px\" \/>\t\t\t\t\t\t\t\t\t\t\t\t\t\t\t<\/div>\n\t\t\t\t<\/div>\n\t\t\t\t\t<\/div>\n\t\t<\/div>\n\t\t\t\t\t<\/div>\n\t\t<\/section>\n\t\t\t\t<section class=\"elementor-section elementor-top-section elementor-element elementor-element-26263af elementor-section-stretched elementor-section-full_width elementor-section-height-default elementor-section-height-default\" data-id=\"26263af\" data-element_type=\"section\" data-settings=\"{&quot;stretch_section&quot;:&quot;section-stretched&quot;,&quot;background_background&quot;:&quot;classic&quot;}\">\n\t\t\t\t\t\t<div class=\"elementor-container elementor-column-gap-extended\">\n\t\t\t\t\t<div class=\"elementor-column elementor-col-100 elementor-top-column elementor-element elementor-element-e951160 sc_layouts_column_icons_position_left\" data-id=\"e951160\" data-element_type=\"column\">\n\t\t\t<div class=\"elementor-widget-wrap elementor-element-populated\">\n\t\t\t\t\t\t<div class=\"elementor-element elementor-element-643e1d5 elementor-widget elementor-widget-spacer\" data-id=\"643e1d5\" data-element_type=\"widget\" data-widget_type=\"spacer.default\">\n\t\t\t\t<div class=\"elementor-widget-container\">\n\t\t\t\t\t\t\t<div class=\"elementor-spacer\">\n\t\t\t<div class=\"elementor-spacer-inner\"><\/div>\n\t\t<\/div>\n\t\t\t\t\t\t<\/div>\n\t\t\t\t<\/div>\n\t\t\t\t\t<\/div>\n\t\t<\/div>\n\t\t\t\t\t<\/div>\n\t\t<\/section>\n\t\t\t\t<section class=\"elementor-section elementor-top-section elementor-element elementor-element-9a61c2d elementor-section-stretched elementor-section-full_width elementor-section-height-default elementor-section-height-default\" data-id=\"9a61c2d\" data-element_type=\"section\" data-settings=\"{&quot;stretch_section&quot;:&quot;section-stretched&quot;,&quot;background_background&quot;:&quot;classic&quot;}\">\n\t\t\t\t\t\t<div class=\"elementor-container elementor-column-gap-extended\">\n\t\t\t\t\t<div class=\"elementor-column elementor-col-100 elementor-top-column elementor-element elementor-element-965fbe5 sc_layouts_column_icons_position_left\" data-id=\"965fbe5\" data-element_type=\"column\">\n\t\t\t<div class=\"elementor-widget-wrap\">\n\t\t\t\t\t\t\t<\/div>\n\t\t<\/div>\n\t\t\t\t\t<\/div>\n\t\t<\/section>\n\t\t\t\t<section class=\"elementor-section elementor-top-section elementor-element elementor-element-8818178 elementor-section-stretched elementor-section-boxed elementor-section-height-default elementor-section-height-default\" data-id=\"8818178\" data-element_type=\"section\" data-settings=\"{&quot;stretch_section&quot;:&quot;section-stretched&quot;}\">\n\t\t\t\t\t\t<div class=\"elementor-container elementor-column-gap-extended\">\n\t\t\t\t\t<div class=\"elementor-column elementor-col-100 elementor-top-column elementor-element elementor-element-6f04510 sc_layouts_column_icons_position_left\" data-id=\"6f04510\" data-element_type=\"column\">\n\t\t\t<div class=\"elementor-widget-wrap elementor-element-populated\">\n\t\t\t\t\t\t<div class=\"elementor-element elementor-element-a7d9597 elementor-widget elementor-widget-trx_sc_title\" data-id=\"a7d9597\" data-element_type=\"widget\" data-widget_type=\"trx_sc_title.default\">\n\t\t\t\t<div class=\"elementor-widget-container\">\n\t\t\t\t\t<div id=\"trx_sc_title_751156501\"\n\t\tclass=\"sc_title sc_title_default\"><h6 class=\"sc_item_subtitle sc_title_subtitle sc_align_center sc_item_title_style_default\">Nuestras Fotos<\/h6><h2 class=\"sc_item_title sc_title_title sc_align_center sc_item_title_style_default\">Galer\u00eda<\/h2><\/div><!-- \/.sc_title -->\t\t\t\t<\/div>\n\t\t\t\t<\/div>\n\t\t\t\t<div class=\"elementor-element elementor-element-4e4dc0a elementor-widget elementor-widget-spacer\" data-id=\"4e4dc0a\" data-element_type=\"widget\" data-widget_type=\"spacer.default\">\n\t\t\t\t<div class=\"elementor-widget-container\">\n\t\t\t\t\t\t\t<div class=\"elementor-spacer\">\n\t\t\t<div class=\"elementor-spacer-inner\"><\/div>\n\t\t<\/div>\n\t\t\t\t\t\t<\/div>\n\t\t\t\t<\/div>\n\t\t\t\t<div class=\"elementor-element elementor-element-c612f10 elementor-widget elementor-widget-spacer\" data-id=\"c612f10\" data-element_type=\"widget\" data-widget_type=\"spacer.default\">\n\t\t\t\t<div class=\"elementor-widget-container\">\n\t\t\t\t\t\t\t<div class=\"elementor-spacer\">\n\t\t\t<div class=\"elementor-spacer-inner\"><\/div>\n\t\t<\/div>\n\t\t\t\t\t\t<\/div>\n\t\t\t\t<\/div>\n\t\t\t\t\t<\/div>\n\t\t<\/div>\n\t\t\t\t\t<\/div>\n\t\t<\/section>\n\t\t\t\t<section class=\"elementor-section elementor-top-section elementor-element elementor-element-8e9d47a elementor-section-boxed elementor-section-height-default elementor-section-height-default\" data-id=\"8e9d47a\" data-element_type=\"section\">\n\t\t\t\t\t\t<div class=\"elementor-container elementor-column-gap-extended\">\n\t\t\t\t\t<div class=\"elementor-column elementor-col-100 elementor-top-column elementor-element elementor-element-74b25cf sc_layouts_column_icons_position_left\" data-id=\"74b25cf\" data-element_type=\"column\">\n\t\t\t<div class=\"elementor-widget-wrap elementor-element-populated\">\n\t\t\t\t\t\t<div class=\"elementor-element elementor-element-a44ced1 elementor-widget elementor-widget-spacer\" data-id=\"a44ced1\" data-element_type=\"widget\" data-widget_type=\"spacer.default\">\n\t\t\t\t<div class=\"elementor-widget-container\">\n\t\t\t\t\t\t\t<div class=\"elementor-spacer\">\n\t\t\t<div class=\"elementor-spacer-inner\"><\/div>\n\t\t<\/div>\n\t\t\t\t\t\t<\/div>\n\t\t\t\t<\/div>\n\t\t\t\t\t<\/div>\n\t\t<\/div>\n\t\t\t\t\t<\/div>\n\t\t<\/section>\n\t\t\t\t<\/div>\n\t\t","protected":false},"excerpt":{"rendered":"<p>Bienvenidos! Talleres Audiovisuales Los proyectos audiovisuales de Quechis ofrecen talleres creativos pensados para j\u00f3venes y adolescentes en institutos, centros de juventud y ayuntamientos. A trav\u00e9s&hellip;<\/p>\n","protected":false},"author":1,"featured_media":0,"parent":0,"menu_order":0,"comment_status":"closed","ping_status":"closed","template":"","meta":{"footnotes":""},"class_list":["post-5434","page","type-page","status-publish","hentry"],"yoast_head":"<!-- This site is optimized with the Yoast SEO plugin v26.7 - https:\/\/yoast.com\/wordpress\/plugins\/seo\/ -->\n<title>Talleres Audiovisuales - Quechis<\/title>\n<meta name=\"robots\" content=\"index, follow, max-snippet:-1, max-image-preview:large, max-video-preview:-1\" \/>\n<link rel=\"canonical\" href=\"https:\/\/quechis.es\/index.php\/talleres-audiovisuales\/\" \/>\n<meta property=\"og:locale\" content=\"es_ES\" \/>\n<meta property=\"og:type\" content=\"article\" \/>\n<meta property=\"og:title\" content=\"Talleres Audiovisuales - Quechis\" \/>\n<meta property=\"og:description\" content=\"Bienvenidos! Talleres Audiovisuales Los proyectos audiovisuales de Quechis ofrecen talleres creativos pensados para j\u00f3venes y adolescentes en institutos, centros de juventud y ayuntamientos. A trav\u00e9s&hellip;\" \/>\n<meta property=\"og:url\" content=\"https:\/\/quechis.es\/index.php\/talleres-audiovisuales\/\" \/>\n<meta property=\"og:site_name\" content=\"Quechis\" \/>\n<meta property=\"article:modified_time\" content=\"2026-01-18T17:47:24+00:00\" \/>\n<meta property=\"og:image\" content=\"https:\/\/e9.servicios-empresa.com\/wp-content\/uploads\/2026\/01\/produccion-audiovisual.webp\" \/>\n<meta name=\"twitter:card\" content=\"summary_large_image\" \/>\n<meta name=\"twitter:label1\" content=\"Tiempo de lectura\" \/>\n\t<meta name=\"twitter:data1\" content=\"2 minutos\" \/>\n<script type=\"application\/ld+json\" class=\"yoast-schema-graph\">{\"@context\":\"https:\/\/schema.org\",\"@graph\":[{\"@type\":\"WebPage\",\"@id\":\"https:\/\/quechis.es\/index.php\/talleres-audiovisuales\/\",\"url\":\"https:\/\/quechis.es\/index.php\/talleres-audiovisuales\/\",\"name\":\"Talleres Audiovisuales - Quechis\",\"isPartOf\":{\"@id\":\"https:\/\/quechis.es\/#website\"},\"primaryImageOfPage\":{\"@id\":\"https:\/\/quechis.es\/index.php\/talleres-audiovisuales\/#primaryimage\"},\"image\":{\"@id\":\"https:\/\/quechis.es\/index.php\/talleres-audiovisuales\/#primaryimage\"},\"thumbnailUrl\":\"https:\/\/e9.servicios-empresa.com\/wp-content\/uploads\/2026\/01\/produccion-audiovisual.webp\",\"datePublished\":\"2026-01-16T16:39:16+00:00\",\"dateModified\":\"2026-01-18T17:47:24+00:00\",\"breadcrumb\":{\"@id\":\"https:\/\/quechis.es\/index.php\/talleres-audiovisuales\/#breadcrumb\"},\"inLanguage\":\"es\",\"potentialAction\":[{\"@type\":\"ReadAction\",\"target\":[\"https:\/\/quechis.es\/index.php\/talleres-audiovisuales\/\"]}]},{\"@type\":\"ImageObject\",\"inLanguage\":\"es\",\"@id\":\"https:\/\/quechis.es\/index.php\/talleres-audiovisuales\/#primaryimage\",\"url\":\"https:\/\/e9.servicios-empresa.com\/wp-content\/uploads\/2026\/01\/produccion-audiovisual.webp\",\"contentUrl\":\"https:\/\/e9.servicios-empresa.com\/wp-content\/uploads\/2026\/01\/produccion-audiovisual.webp\"},{\"@type\":\"BreadcrumbList\",\"@id\":\"https:\/\/quechis.es\/index.php\/talleres-audiovisuales\/#breadcrumb\",\"itemListElement\":[{\"@type\":\"ListItem\",\"position\":1,\"name\":\"Portada\",\"item\":\"https:\/\/quechis.es\/\"},{\"@type\":\"ListItem\",\"position\":2,\"name\":\"Talleres Audiovisuales\"}]},{\"@type\":\"WebSite\",\"@id\":\"https:\/\/quechis.es\/#website\",\"url\":\"https:\/\/quechis.es\/\",\"name\":\"Quechis\",\"description\":\"Programaci\u00f3n de Actividades\",\"publisher\":{\"@id\":\"https:\/\/quechis.es\/#organization\"},\"potentialAction\":[{\"@type\":\"SearchAction\",\"target\":{\"@type\":\"EntryPoint\",\"urlTemplate\":\"https:\/\/quechis.es\/?s={search_term_string}\"},\"query-input\":{\"@type\":\"PropertyValueSpecification\",\"valueRequired\":true,\"valueName\":\"search_term_string\"}}],\"inLanguage\":\"es\"},{\"@type\":\"Organization\",\"@id\":\"https:\/\/quechis.es\/#organization\",\"name\":\"Quechis\",\"url\":\"https:\/\/quechis.es\/\",\"logo\":{\"@type\":\"ImageObject\",\"inLanguage\":\"es\",\"@id\":\"https:\/\/quechis.es\/#\/schema\/logo\/image\/\",\"url\":\"https:\/\/quechis.es\/wp-content\/uploads\/2018\/08\/logo.png\",\"contentUrl\":\"https:\/\/quechis.es\/wp-content\/uploads\/2018\/08\/logo.png\",\"width\":163,\"height\":50,\"caption\":\"Quechis\"},\"image\":{\"@id\":\"https:\/\/quechis.es\/#\/schema\/logo\/image\/\"}}]}<\/script>\n<!-- \/ Yoast SEO plugin. -->","yoast_head_json":{"title":"Talleres Audiovisuales - Quechis","robots":{"index":"index","follow":"follow","max-snippet":"max-snippet:-1","max-image-preview":"max-image-preview:large","max-video-preview":"max-video-preview:-1"},"canonical":"https:\/\/quechis.es\/index.php\/talleres-audiovisuales\/","og_locale":"es_ES","og_type":"article","og_title":"Talleres Audiovisuales - Quechis","og_description":"Bienvenidos! Talleres Audiovisuales Los proyectos audiovisuales de Quechis ofrecen talleres creativos pensados para j\u00f3venes y adolescentes en institutos, centros de juventud y ayuntamientos. A trav\u00e9s&hellip;","og_url":"https:\/\/quechis.es\/index.php\/talleres-audiovisuales\/","og_site_name":"Quechis","article_modified_time":"2026-01-18T17:47:24+00:00","og_image":[{"url":"https:\/\/e9.servicios-empresa.com\/wp-content\/uploads\/2026\/01\/produccion-audiovisual.webp","type":"","width":"","height":""}],"twitter_card":"summary_large_image","twitter_misc":{"Tiempo de lectura":"2 minutos"},"schema":{"@context":"https:\/\/schema.org","@graph":[{"@type":"WebPage","@id":"https:\/\/quechis.es\/index.php\/talleres-audiovisuales\/","url":"https:\/\/quechis.es\/index.php\/talleres-audiovisuales\/","name":"Talleres Audiovisuales - Quechis","isPartOf":{"@id":"https:\/\/quechis.es\/#website"},"primaryImageOfPage":{"@id":"https:\/\/quechis.es\/index.php\/talleres-audiovisuales\/#primaryimage"},"image":{"@id":"https:\/\/quechis.es\/index.php\/talleres-audiovisuales\/#primaryimage"},"thumbnailUrl":"https:\/\/e9.servicios-empresa.com\/wp-content\/uploads\/2026\/01\/produccion-audiovisual.webp","datePublished":"2026-01-16T16:39:16+00:00","dateModified":"2026-01-18T17:47:24+00:00","breadcrumb":{"@id":"https:\/\/quechis.es\/index.php\/talleres-audiovisuales\/#breadcrumb"},"inLanguage":"es","potentialAction":[{"@type":"ReadAction","target":["https:\/\/quechis.es\/index.php\/talleres-audiovisuales\/"]}]},{"@type":"ImageObject","inLanguage":"es","@id":"https:\/\/quechis.es\/index.php\/talleres-audiovisuales\/#primaryimage","url":"https:\/\/e9.servicios-empresa.com\/wp-content\/uploads\/2026\/01\/produccion-audiovisual.webp","contentUrl":"https:\/\/e9.servicios-empresa.com\/wp-content\/uploads\/2026\/01\/produccion-audiovisual.webp"},{"@type":"BreadcrumbList","@id":"https:\/\/quechis.es\/index.php\/talleres-audiovisuales\/#breadcrumb","itemListElement":[{"@type":"ListItem","position":1,"name":"Portada","item":"https:\/\/quechis.es\/"},{"@type":"ListItem","position":2,"name":"Talleres Audiovisuales"}]},{"@type":"WebSite","@id":"https:\/\/quechis.es\/#website","url":"https:\/\/quechis.es\/","name":"Quechis","description":"Programaci\u00f3n de Actividades","publisher":{"@id":"https:\/\/quechis.es\/#organization"},"potentialAction":[{"@type":"SearchAction","target":{"@type":"EntryPoint","urlTemplate":"https:\/\/quechis.es\/?s={search_term_string}"},"query-input":{"@type":"PropertyValueSpecification","valueRequired":true,"valueName":"search_term_string"}}],"inLanguage":"es"},{"@type":"Organization","@id":"https:\/\/quechis.es\/#organization","name":"Quechis","url":"https:\/\/quechis.es\/","logo":{"@type":"ImageObject","inLanguage":"es","@id":"https:\/\/quechis.es\/#\/schema\/logo\/image\/","url":"https:\/\/quechis.es\/wp-content\/uploads\/2018\/08\/logo.png","contentUrl":"https:\/\/quechis.es\/wp-content\/uploads\/2018\/08\/logo.png","width":163,"height":50,"caption":"Quechis"},"image":{"@id":"https:\/\/quechis.es\/#\/schema\/logo\/image\/"}}]}},"rttpg_featured_image_url":null,"rttpg_author":{"display_name":"admin","author_link":"https:\/\/quechis.es\/index.php\/author\/vicentegaldon_r0px87ei\/"},"rttpg_comment":0,"rttpg_category":null,"rttpg_excerpt":"Bienvenidos! Talleres Audiovisuales Los proyectos audiovisuales de Quechis ofrecen talleres creativos pensados para j\u00f3venes y adolescentes en institutos, centros de juventud y ayuntamientos. A trav\u00e9s&hellip;","_links":{"self":[{"href":"https:\/\/quechis.es\/index.php\/wp-json\/wp\/v2\/pages\/5434","targetHints":{"allow":["GET"]}}],"collection":[{"href":"https:\/\/quechis.es\/index.php\/wp-json\/wp\/v2\/pages"}],"about":[{"href":"https:\/\/quechis.es\/index.php\/wp-json\/wp\/v2\/types\/page"}],"author":[{"embeddable":true,"href":"https:\/\/quechis.es\/index.php\/wp-json\/wp\/v2\/users\/1"}],"replies":[{"embeddable":true,"href":"https:\/\/quechis.es\/index.php\/wp-json\/wp\/v2\/comments?post=5434"}],"version-history":[{"count":13,"href":"https:\/\/quechis.es\/index.php\/wp-json\/wp\/v2\/pages\/5434\/revisions"}],"predecessor-version":[{"id":5566,"href":"https:\/\/quechis.es\/index.php\/wp-json\/wp\/v2\/pages\/5434\/revisions\/5566"}],"wp:attachment":[{"href":"https:\/\/quechis.es\/index.php\/wp-json\/wp\/v2\/media?parent=5434"}],"curies":[{"name":"wp","href":"https:\/\/api.w.org\/{rel}","templated":true}]}}